{"id":9726,"date":"2025-02-04T09:28:16","date_gmt":"2025-02-04T09:28:16","guid":{"rendered":"https:\/\/fiorentinispa.com\/product\/s-150\/"},"modified":"2025-02-04T09:28:16","modified_gmt":"2025-02-04T09:28:16","slug":"s-150","status":"publish","type":"product","link":"https:\/\/fiorentinispa.com\/fr\/produit\/s-150\/","title":{"rendered":"S 150"},"content":{"rendered":"","protected":false},"excerpt":{"rendered":"<p>Balayeuse de voirie, tr\u00e8s robuste et polyvalente pour diff\u00e9rents types de travaux, tels que l\u2019aspiration de d\u00e9chets gr\u00e2ce au tuyau d\u2019aspiration, nettoyeur haute pression pour nettoyer les angles et les points difficiles d\u2019acc\u00e8s, disponible avec 2 brosses ou avec un troisi\u00e8me bras mobile.<\/p>\n<p>rendement horaire : 15 000 \u2013 24 000 m\u00b2\/h<br \/>\ncapacit\u00e9 du bac \u00e0 d\u00e9chets : 1 000 l<br \/>\npente max. : 25 %<br \/>\nvitesse d\u2019avancement : 0-30 km\/h<br \/>\nhauteur de d\u00e9chargement : 1 520 mm<\/p>\n<p><a class=\"fio-btn-minimal\" href=\"https:\/\/fiorentinispa.com\/wp-content\/uploads\/2026\/02\/S-150-DEPLIANT.pdf\" download=\"\"><br \/>\nT\u00c9L\u00c9CHARGER LA BROCHURE<br \/>\n<\/a><br \/>\n<br \/><iframe width=\"560\" height=\"315\" src=\"https:\/\/www.youtube.com\/embed\/1-fR7T6oq5U?si=XLY_WQmk7H7plKFI\" title=\"Lecteur vid\u00e9o YouTube\" frameborder=\"0\" allow=\"accelerometer; autoplay; clipboard-write; encrypted-media; gyroscope; picture-in-picture; web-share\" referrerpolicy=\"strict-origin-when-cross-origin\" allowfullscreen=\"\"><\/iframe><\/p>\n","protected":false},"featured_media":7365,"template":"","meta":[],"product_cat":[213],"product_tag":[],"class_list":{"0":"post-9726","1":"product","2":"type-product","3":"status-publish","4":"has-post-thumbnail","6":"product_cat-machines-de-nettoyage-urbain","8":"first","9":"instock","10":"shipping-taxable","11":"product-type-simple"},"_links":{"self":[{"href":"https:\/\/fiorentinispa.com\/fr\/wp-json\/wp\/v2\/product\/9726","targetHints":{"allow":["GET"]}}],"collection":[{"href":"https:\/\/fiorentinispa.com\/fr\/wp-json\/wp\/v2\/product"}],"about":[{"href":"https:\/\/fiorentinispa.com\/fr\/wp-json\/wp\/v2\/types\/product"}],"wp:featuredmedia":[{"embeddable":true,"href":"https:\/\/fiorentinispa.com\/fr\/wp-json\/wp\/v2\/media\/7365"}],"wp:attachment":[{"href":"https:\/\/fiorentinispa.com\/fr\/wp-json\/wp\/v2\/media?parent=9726"}],"wp:term":[{"taxonomy":"product_cat","embeddable":true,"href":"https:\/\/fiorentinispa.com\/fr\/wp-json\/wp\/v2\/product_cat?post=9726"},{"taxonomy":"product_tag","embeddable":true,"href":"https:\/\/fiorentinispa.com\/fr\/wp-json\/wp\/v2\/product_tag?post=9726"}],"curies":[{"name":"wp","href":"https:\/\/api.w.org\/{rel}","templated":true}]}}