{"id":9741,"date":"2025-02-04T09:40:28","date_gmt":"2025-02-04T09:40:28","guid":{"rendered":"https:\/\/fiorentinispa.com\/product\/serie-k-inox\/"},"modified":"2025-02-04T09:40:28","modified_gmt":"2025-02-04T09:40:28","slug":"serie-k-inox","status":"publish","type":"product","link":"https:\/\/fiorentinispa.com\/fr\/negozio\/serie-k-inox\/","title":{"rendered":"S\u00c9RIE K INOX"},"content":{"rendered":"","protected":false},"excerpt":{"rendered":"<p>Aspirateur eau et poussi\u00e8re cuve inox avec filtre \u00e0 cartouche ou coton et secoue-filtre semi-automatique<\/p>\n<p><a class=\"fio-btn-minimal\" href=\"https:\/\/fiorentinispa.com\/wp-content\/uploads\/2026\/02\/serie_k_inox.pdf\" download=\"\"><br \/>\nT\u00c9L\u00c9CHARGER LA BROCHURE<br \/>\n<\/a><\/p>\n","protected":false},"featured_media":7367,"template":"","meta":[],"product_cat":[214],"product_tag":[],"class_list":{"0":"post-9741","1":"product","2":"type-product","3":"status-publish","4":"has-post-thumbnail","6":"product_cat-aspirateurs","8":"first","9":"instock","10":"shipping-taxable","11":"product-type-simple"},"_links":{"self":[{"href":"https:\/\/fiorentinispa.com\/fr\/wp-json\/wp\/v2\/product\/9741","targetHints":{"allow":["GET"]}}],"collection":[{"href":"https:\/\/fiorentinispa.com\/fr\/wp-json\/wp\/v2\/product"}],"about":[{"href":"https:\/\/fiorentinispa.com\/fr\/wp-json\/wp\/v2\/types\/product"}],"wp:featuredmedia":[{"embeddable":true,"href":"https:\/\/fiorentinispa.com\/fr\/wp-json\/wp\/v2\/media\/7367"}],"wp:attachment":[{"href":"https:\/\/fiorentinispa.com\/fr\/wp-json\/wp\/v2\/media?parent=9741"}],"wp:term":[{"taxonomy":"product_cat","embeddable":true,"href":"https:\/\/fiorentinispa.com\/fr\/wp-json\/wp\/v2\/product_cat?post=9741"},{"taxonomy":"product_tag","embeddable":true,"href":"https:\/\/fiorentinispa.com\/fr\/wp-json\/wp\/v2\/product_tag?post=9741"}],"curies":[{"name":"wp","href":"https:\/\/api.w.org\/{rel}","templated":true}]}}