{"id":9744,"date":"2025-02-04T09:05:43","date_gmt":"2025-02-04T09:05:43","guid":{"rendered":"https:\/\/fiorentinispa.com\/product\/carpet-650\/"},"modified":"2025-02-04T09:05:43","modified_gmt":"2025-02-04T09:05:43","slug":"carpet-650","status":"publish","type":"product","link":"https:\/\/fiorentinispa.com\/fr\/produit\/carpet-650\/","title":{"rendered":"CARPET 650"},"content":{"rendered":"","protected":false},"excerpt":{"rendered":"<p>Balayeuse tr\u00e8s agile et fiable, adapt\u00e9e aux petits espaces tels que les h\u00f4tels, les centres commerciaux et les petits jardins.<\/p>\n<p>rendement horaire : 2 000 m\u00b2\/h<br \/>\nautonomie de la machine : 2 h<br \/>\ncapacit\u00e9 du bac \u00e0 d\u00e9chets : 38 L<br \/>\nvitesse d\u2019avancement : 0-5 km\/h<\/p>\n<p><a class=\"fio-btn-minimal\" href=\"https:\/\/fiorentinispa.com\/wp-content\/uploads\/2026\/02\/carpet_650.pdf\" download=\"\"><br \/>\nT\u00c9L\u00c9CHARGER LA BROCHURE<br \/>\n<\/a><br \/>\n<br \/><iframe width=\"560\" height=\"315\" src=\"https:\/\/www.youtube.com\/embed\/3vbXXNzEoDI?si=rw7khwCSbSzXdA7p\" title=\"Lecteur vid\u00e9o YouTube\" frameborder=\"0\" allow=\"accelerometer; autoplay; clipboard-write; encrypted-media; gyroscope; picture-in-picture; web-share\" referrerpolicy=\"strict-origin-when-cross-origin\" allowfullscreen=\"\"><\/iframe><\/p>\n","protected":false},"featured_media":7336,"template":"","meta":[],"product_cat":[215,216],"product_tag":[],"class_list":{"0":"post-9744","1":"product","2":"type-product","3":"status-publish","4":"has-post-thumbnail","6":"product_cat-balayeuses-accompagnees","7":"product_cat-nettoyeurs-de-surfaces-textiles","9":"first","10":"instock","11":"shipping-taxable","12":"product-type-simple"},"_links":{"self":[{"href":"https:\/\/fiorentinispa.com\/fr\/wp-json\/wp\/v2\/product\/9744","targetHints":{"allow":["GET"]}}],"collection":[{"href":"https:\/\/fiorentinispa.com\/fr\/wp-json\/wp\/v2\/product"}],"about":[{"href":"https:\/\/fiorentinispa.com\/fr\/wp-json\/wp\/v2\/types\/product"}],"wp:featuredmedia":[{"embeddable":true,"href":"https:\/\/fiorentinispa.com\/fr\/wp-json\/wp\/v2\/media\/7336"}],"wp:attachment":[{"href":"https:\/\/fiorentinispa.com\/fr\/wp-json\/wp\/v2\/media?parent=9744"}],"wp:term":[{"taxonomy":"product_cat","embeddable":true,"href":"https:\/\/fiorentinispa.com\/fr\/wp-json\/wp\/v2\/product_cat?post=9744"},{"taxonomy":"product_tag","embeddable":true,"href":"https:\/\/fiorentinispa.com\/fr\/wp-json\/wp\/v2\/product_tag?post=9744"}],"curies":[{"name":"wp","href":"https:\/\/api.w.org\/{rel}","templated":true}]}}