{"id":9752,"date":"2025-02-04T09:36:11","date_gmt":"2025-02-04T09:36:11","guid":{"rendered":"https:\/\/fiorentinispa.com\/product\/aspirotto\/"},"modified":"2025-02-04T09:36:11","modified_gmt":"2025-02-04T09:36:11","slug":"aspirotto","status":"publish","type":"product","link":"https:\/\/fiorentinispa.com\/fr\/produit\/aspirotto\/","title":{"rendered":"ASPIROTTO"},"content":{"rendered":"","protected":false},"excerpt":{"rendered":"<p>Aspirateur urbain, l\u00e9ger et agile, avec une grande capacit\u00e9 de collecte des d\u00e9chets.<\/p>\n<p>capacit\u00e9 du bac \u00e0 d\u00e9chets : 120 L<br \/>\npuissance : 720 W<br \/>\nautonomie : 1 h<\/p>\n<p><a class=\"fio-btn-minimal\" href=\"https:\/\/fiorentinispa.com\/wp-content\/uploads\/2026\/02\/ASPIROTTO.pdf\" download=\"\"><br \/>\nT\u00c9L\u00c9CHARGER LA BROCHURE<br \/>\n<\/a><\/p>\n","protected":false},"featured_media":7332,"template":"","meta":[],"product_cat":[213],"product_tag":[],"class_list":{"0":"post-9752","1":"product","2":"type-product","3":"status-publish","4":"has-post-thumbnail","6":"product_cat-machines-de-nettoyage-urbain","8":"first","9":"instock","10":"shipping-taxable","11":"product-type-simple"},"_links":{"self":[{"href":"https:\/\/fiorentinispa.com\/fr\/wp-json\/wp\/v2\/product\/9752","targetHints":{"allow":["GET"]}}],"collection":[{"href":"https:\/\/fiorentinispa.com\/fr\/wp-json\/wp\/v2\/product"}],"about":[{"href":"https:\/\/fiorentinispa.com\/fr\/wp-json\/wp\/v2\/types\/product"}],"wp:featuredmedia":[{"embeddable":true,"href":"https:\/\/fiorentinispa.com\/fr\/wp-json\/wp\/v2\/media\/7332"}],"wp:attachment":[{"href":"https:\/\/fiorentinispa.com\/fr\/wp-json\/wp\/v2\/media?parent=9752"}],"wp:term":[{"taxonomy":"product_cat","embeddable":true,"href":"https:\/\/fiorentinispa.com\/fr\/wp-json\/wp\/v2\/product_cat?post=9752"},{"taxonomy":"product_tag","embeddable":true,"href":"https:\/\/fiorentinispa.com\/fr\/wp-json\/wp\/v2\/product_tag?post=9752"}],"curies":[{"name":"wp","href":"https:\/\/api.w.org\/{rel}","templated":true}]}}