{"id":9759,"date":"2025-02-04T09:34:44","date_gmt":"2025-02-04T09:34:44","guid":{"rendered":"https:\/\/fiorentinispa.com\/product\/aspirik\/"},"modified":"2025-02-04T09:34:44","modified_gmt":"2025-02-04T09:34:44","slug":"aspirik","status":"publish","type":"product","link":"https:\/\/fiorentinispa.com\/fr\/produit\/aspirik\/","title":{"rendered":"ASPIRIK"},"content":{"rendered":"","protected":false},"excerpt":{"rendered":"<p>Aspirateur urbain, dot\u00e9 d\u2019un moteur d\u2019aspiration tr\u00e8s puissant, capable d\u2019aspirer des bouteilles pleines, simple et agile gr\u00e2ce \u00e0 ses roues motrices.<\/p>\n<p>capacit\u00e9 du conteneur \u00e0 d\u00e9chets : 240 L<br \/>\nvitesse d\u2019avancement : 0-5 km\/h<br \/>\nautonomie : 4 h<\/p>\n<p><a class=\"fio-btn-minimal\" href=\"https:\/\/fiorentinispa.com\/wp-content\/uploads\/2026\/02\/ASPIRIK.pdf\" download=\"\"><br \/>\nT\u00c9L\u00c9CHARGER LA BROCHURE<br \/>\n<\/a><\/p>\n","protected":false},"featured_media":7331,"template":"","meta":[],"product_cat":[213],"product_tag":[],"class_list":{"0":"post-9759","1":"product","2":"type-product","3":"status-publish","4":"has-post-thumbnail","6":"product_cat-machines-de-nettoyage-urbain","8":"first","9":"instock","10":"shipping-taxable","11":"product-type-simple"},"_links":{"self":[{"href":"https:\/\/fiorentinispa.com\/fr\/wp-json\/wp\/v2\/product\/9759","targetHints":{"allow":["GET"]}}],"collection":[{"href":"https:\/\/fiorentinispa.com\/fr\/wp-json\/wp\/v2\/product"}],"about":[{"href":"https:\/\/fiorentinispa.com\/fr\/wp-json\/wp\/v2\/types\/product"}],"wp:featuredmedia":[{"embeddable":true,"href":"https:\/\/fiorentinispa.com\/fr\/wp-json\/wp\/v2\/media\/7331"}],"wp:attachment":[{"href":"https:\/\/fiorentinispa.com\/fr\/wp-json\/wp\/v2\/media?parent=9759"}],"wp:term":[{"taxonomy":"product_cat","embeddable":true,"href":"https:\/\/fiorentinispa.com\/fr\/wp-json\/wp\/v2\/product_cat?post=9759"},{"taxonomy":"product_tag","embeddable":true,"href":"https:\/\/fiorentinispa.com\/fr\/wp-json\/wp\/v2\/product_tag?post=9759"}],"curies":[{"name":"wp","href":"https:\/\/api.w.org\/{rel}","templated":true}]}}