{"id":9765,"date":"2025-02-04T09:30:26","date_gmt":"2025-02-04T09:30:26","guid":{"rendered":"https:\/\/fiorentinispa.com\/product\/af-6000\/"},"modified":"2025-02-04T09:30:26","modified_gmt":"2025-02-04T09:30:26","slug":"af-6000","status":"publish","type":"product","link":"https:\/\/fiorentinispa.com\/fr\/produit\/af-6000\/","title":{"rendered":"AF 6000"},"content":{"rendered":"","protected":false},"excerpt":{"rendered":"<p>La balayeuse de voirie AF 6000 a \u00e9t\u00e9 con\u00e7ue pour balayer les zones urbaines et industrielles, telles que les cimenteries, les entreprises de construction, les march\u00e9s alimentaires, les ports et les a\u00e9roports, garantissant un fonctionnement \u00e9cologique et efficace dans tous les environnements.<\/p>\n<p>puissance @2200 tr\/min 130 kW (176,8 ch)<br \/>\ncarburant diesel<br \/>\nvitesse max. 42 km\/h<br \/>\npoids en charge 13 550 kg<br \/>\nhauteur de d\u00e9chargement 1280-2350 mm (en option)<\/p>\n<p><a class=\"fio-btn-minimal\" href=\"https:\/\/fiorentinispa.com\/wp-content\/uploads\/2026\/02\/af_6000_italiano.pdf\" download=\"\"><br \/>\nT\u00c9L\u00c9CHARGER LA BROCHURE<br \/>\n<\/a><\/p>\n<p><iframe title=\"Lecteur vid\u00e9o YouTube\" src=\"https:\/\/www.youtube.com\/embed\/XL_dJ1WA5Dg?si=wd2ByKeFJaQ91thM\" width=\"560\" height=\"315\" frameborder=\"0\" allowfullscreen=\"allowfullscreen\"><\/iframe><\/p>\n","protected":false},"featured_media":7330,"template":"","meta":[],"product_cat":[213],"product_tag":[],"class_list":{"0":"post-9765","1":"product","2":"type-product","3":"status-publish","4":"has-post-thumbnail","6":"product_cat-machines-de-nettoyage-urbain","8":"first","9":"instock","10":"shipping-taxable","11":"product-type-simple"},"_links":{"self":[{"href":"https:\/\/fiorentinispa.com\/fr\/wp-json\/wp\/v2\/product\/9765","targetHints":{"allow":["GET"]}}],"collection":[{"href":"https:\/\/fiorentinispa.com\/fr\/wp-json\/wp\/v2\/product"}],"about":[{"href":"https:\/\/fiorentinispa.com\/fr\/wp-json\/wp\/v2\/types\/product"}],"wp:featuredmedia":[{"embeddable":true,"href":"https:\/\/fiorentinispa.com\/fr\/wp-json\/wp\/v2\/media\/7330"}],"wp:attachment":[{"href":"https:\/\/fiorentinispa.com\/fr\/wp-json\/wp\/v2\/media?parent=9765"}],"wp:term":[{"taxonomy":"product_cat","embeddable":true,"href":"https:\/\/fiorentinispa.com\/fr\/wp-json\/wp\/v2\/product_cat?post=9765"},{"taxonomy":"product_tag","embeddable":true,"href":"https:\/\/fiorentinispa.com\/fr\/wp-json\/wp\/v2\/product_tag?post=9765"}],"curies":[{"name":"wp","href":"https:\/\/api.w.org\/{rel}","templated":true}]}}