{"id":9775,"date":"2025-02-04T09:58:41","date_gmt":"2025-02-04T09:58:41","guid":{"rendered":"https:\/\/fiorentinispa.com\/product\/injection-extraction\/"},"modified":"2025-02-04T09:58:41","modified_gmt":"2025-02-04T09:58:41","slug":"injection-extraction","status":"publish","type":"product","link":"https:\/\/fiorentinispa.com\/fr\/produit\/injection-extraction\/","title":{"rendered":"INJECTION EXTRACTION"},"content":{"rendered":"","protected":false},"excerpt":{"rendered":"<p>D\u00e9bit d\u2019air : r\u00e9glable de 210 \u00e0 425 m\u00b3\/h, pour s\u2019adapter \u00e0 divers besoins op\u00e9rationnels<\/p>\n<p>Capacit\u00e9 du r\u00e9servoir : disponible en versions de 11 ou 60 litres, selon l\u2019intensit\u00e9 d\u2019utilisation<\/p>\n<p>R\u00e9servoir : r\u00e9alis\u00e9 en ABS ou en acier inoxydable, pour garantir r\u00e9sistance et durabilit\u00e9<\/p>\n<p><a class=\"fio-btn-minimal\" href=\"https:\/\/fiorentinispa.com\/wp-content\/uploads\/2026\/02\/INJECTION_EXTRACTOR.pdf\" download=\"\"><br \/>\nT\u00c9L\u00c9CHARGER LA BROCHURE<br \/>\n<\/a><\/p>\n","protected":false},"featured_media":7351,"template":"","meta":[],"product_cat":[216],"product_tag":[],"class_list":{"0":"post-9775","1":"product","2":"type-product","3":"status-publish","4":"has-post-thumbnail","6":"product_cat-nettoyeurs-de-surfaces-textiles","8":"first","9":"instock","10":"shipping-taxable","11":"product-type-simple"},"_links":{"self":[{"href":"https:\/\/fiorentinispa.com\/fr\/wp-json\/wp\/v2\/product\/9775","targetHints":{"allow":["GET"]}}],"collection":[{"href":"https:\/\/fiorentinispa.com\/fr\/wp-json\/wp\/v2\/product"}],"about":[{"href":"https:\/\/fiorentinispa.com\/fr\/wp-json\/wp\/v2\/types\/product"}],"wp:featuredmedia":[{"embeddable":true,"href":"https:\/\/fiorentinispa.com\/fr\/wp-json\/wp\/v2\/media\/7351"}],"wp:attachment":[{"href":"https:\/\/fiorentinispa.com\/fr\/wp-json\/wp\/v2\/media?parent=9775"}],"wp:term":[{"taxonomy":"product_cat","embeddable":true,"href":"https:\/\/fiorentinispa.com\/fr\/wp-json\/wp\/v2\/product_cat?post=9775"},{"taxonomy":"product_tag","embeddable":true,"href":"https:\/\/fiorentinispa.com\/fr\/wp-json\/wp\/v2\/product_tag?post=9775"}],"curies":[{"name":"wp","href":"https:\/\/api.w.org\/{rel}","templated":true}]}}