{"id":9795,"date":"2026-01-14T19:07:54","date_gmt":"2026-01-14T19:07:54","guid":{"rendered":"https:\/\/fiorentinispa.com\/product\/baby\/"},"modified":"2026-01-14T19:07:54","modified_gmt":"2026-01-14T19:07:54","slug":"baby","status":"publish","type":"product","link":"https:\/\/fiorentinispa.com\/fr\/negozio\/baby\/","title":{"rendered":"Baby"},"content":{"rendered":"","protected":false},"excerpt":{"rendered":"<p>Aspirateur professionnel compact et ultra-silencieux, id\u00e9al pour les environnements sensibles tels que les bureaux, les h\u00f4tels, les restaurants et les cin\u00e9mas. \u00c9quip\u00e9 d\u2019une triple filtration avec filtre HEPA, il garantit une qualit\u00e9 d\u2019air \u00e9lev\u00e9e et une efficacit\u00e9 maximale dans la collecte des poussi\u00e8res, tout en offrant une facilit\u00e9 de transport et une grande polyvalence op\u00e9rationnelle. <\/p>\n<p><a class=\"fio-btn-minimal\" href=\"https:\/\/fiorentinispa.com\/wp-content\/uploads\/2026\/02\/BABY-_-1-HEPASCHEDA-TECNICA.pdf\" download=\"\"><br \/>\nT\u00c9L\u00c9CHARGER LA BROCHURE<br \/>\n<\/a><\/p>\n","protected":false},"featured_media":7334,"template":"","meta":[],"product_cat":[214],"product_tag":[],"class_list":{"0":"post-9795","1":"product","2":"type-product","3":"status-publish","4":"has-post-thumbnail","6":"product_cat-aspirateurs","8":"first","9":"instock","10":"shipping-taxable","11":"product-type-simple"},"_links":{"self":[{"href":"https:\/\/fiorentinispa.com\/fr\/wp-json\/wp\/v2\/product\/9795","targetHints":{"allow":["GET"]}}],"collection":[{"href":"https:\/\/fiorentinispa.com\/fr\/wp-json\/wp\/v2\/product"}],"about":[{"href":"https:\/\/fiorentinispa.com\/fr\/wp-json\/wp\/v2\/types\/product"}],"wp:featuredmedia":[{"embeddable":true,"href":"https:\/\/fiorentinispa.com\/fr\/wp-json\/wp\/v2\/media\/7334"}],"wp:attachment":[{"href":"https:\/\/fiorentinispa.com\/fr\/wp-json\/wp\/v2\/media?parent=9795"}],"wp:term":[{"taxonomy":"product_cat","embeddable":true,"href":"https:\/\/fiorentinispa.com\/fr\/wp-json\/wp\/v2\/product_cat?post=9795"},{"taxonomy":"product_tag","embeddable":true,"href":"https:\/\/fiorentinispa.com\/fr\/wp-json\/wp\/v2\/product_tag?post=9795"}],"curies":[{"name":"wp","href":"https:\/\/api.w.org\/{rel}","templated":true}]}}