{"id":9807,"date":"2026-01-28T17:36:30","date_gmt":"2026-01-28T17:36:30","guid":{"rendered":"https:\/\/fiorentinispa.com\/product\/blower-600h\/"},"modified":"2026-01-28T17:36:30","modified_gmt":"2026-01-28T17:36:30","slug":"blower-600h","status":"publish","type":"product","link":"https:\/\/fiorentinispa.com\/fr\/produit\/blower-600h\/","title":{"rendered":"BLOWER 600H"},"content":{"rendered":"","protected":false},"excerpt":{"rendered":"<p>Le Blower 600 H est un souffleur compact et haute performance, con\u00e7u pour r\u00e9duire consid\u00e9rablement les temps de s\u00e9chage des surfaces textiles.<br \/>\nC&rsquo;est la solution id\u00e9ale pour le s\u00e9chage des moquettes et tapis apr\u00e8s le nettoyage avec des machines \u00e0 extraction, garantissant des r\u00e9sultats rapides et efficaces.<\/p>\n<p>Facile \u00e0 d\u00e9placer, il est \u00e9quip\u00e9 d&rsquo;une poign\u00e9e extensible et de roues qui facilitent son utilisation m\u00eame sur de grandes surfaces, optimisant les temps d&rsquo;intervention.<\/p>\n<p>Il est particuli\u00e8rement adapt\u00e9 aux \u00e9tablissements h\u00f4teliers et aux entreprises de nettoyage professionnel, o\u00f9 rapidit\u00e9, fiabilit\u00e9 et praticit\u00e9 sont des exigences fondamentales.<\/p>\n","protected":false},"featured_media":7369,"template":"","meta":[],"product_cat":[216],"product_tag":[],"class_list":{"0":"post-9807","1":"product","2":"type-product","3":"status-publish","4":"has-post-thumbnail","6":"product_cat-nettoyeurs-de-surfaces-textiles","8":"first","9":"instock","10":"shipping-taxable","11":"product-type-simple"},"_links":{"self":[{"href":"https:\/\/fiorentinispa.com\/fr\/wp-json\/wp\/v2\/product\/9807","targetHints":{"allow":["GET"]}}],"collection":[{"href":"https:\/\/fiorentinispa.com\/fr\/wp-json\/wp\/v2\/product"}],"about":[{"href":"https:\/\/fiorentinispa.com\/fr\/wp-json\/wp\/v2\/types\/product"}],"wp:featuredmedia":[{"embeddable":true,"href":"https:\/\/fiorentinispa.com\/fr\/wp-json\/wp\/v2\/media\/7369"}],"wp:attachment":[{"href":"https:\/\/fiorentinispa.com\/fr\/wp-json\/wp\/v2\/media?parent=9807"}],"wp:term":[{"taxonomy":"product_cat","embeddable":true,"href":"https:\/\/fiorentinispa.com\/fr\/wp-json\/wp\/v2\/product_cat?post=9807"},{"taxonomy":"product_tag","embeddable":true,"href":"https:\/\/fiorentinispa.com\/fr\/wp-json\/wp\/v2\/product_tag?post=9807"}],"curies":[{"name":"wp","href":"https:\/\/api.w.org\/{rel}","templated":true}]}}