{"id":9818,"date":"2026-01-28T16:30:53","date_gmt":"2026-01-28T16:30:53","guid":{"rendered":"https:\/\/fiorentinispa.com\/product\/mh\/"},"modified":"2026-01-28T16:30:53","modified_gmt":"2026-01-28T16:30:53","slug":"mh","status":"publish","type":"product","link":"https:\/\/fiorentinispa.com\/fr\/produit\/mh\/","title":{"rendered":"MH"},"content":{"rendered":"","protected":false},"excerpt":{"rendered":"<p>Les nettoyeurs haute pression \u00e0 eau chaude Fiorentini de la s\u00e9rie MH appartiennent au haut de gamme de la cat\u00e9gorie interm\u00e9diaire et sont con\u00e7us pour un usage professionnel. Les chaudi\u00e8res et les moteurs \u00e9lectriques \u00e0 haut rendement, \u00e9quip\u00e9s d&rsquo;un joint \u00e9lastique et fabriqu\u00e9s directement par Fiorentini, garantissent une faible consommation et de faibles \u00e9missions, tout en assurant des performances \u00e9lev\u00e9es. La roue avant pivotante facilite son d\u00e9placement. Usage recommand\u00e9 : Stations de lavage,<br \/>\nateliers, agriculture, etc.<\/p>\n<p><a class=\"fio-btn-minimal\" href=\"https:\/\/fiorentinispa.com\/wp-content\/uploads\/2026\/02\/MH-PROFESSIONAL.pdf\" download=\"\"><br \/>\nT\u00c9L\u00c9CHARGER LA BROCHURE<br \/>\n<\/a><\/p>\n","protected":false},"featured_media":7617,"template":"","meta":[],"product_cat":[218],"product_tag":[],"class_list":{"0":"post-9818","1":"product","2":"type-product","3":"status-publish","4":"has-post-thumbnail","6":"product_cat-nettoyeurs-haute-pression","8":"first","9":"instock","10":"shipping-taxable","11":"product-type-simple"},"_links":{"self":[{"href":"https:\/\/fiorentinispa.com\/fr\/wp-json\/wp\/v2\/product\/9818","targetHints":{"allow":["GET"]}}],"collection":[{"href":"https:\/\/fiorentinispa.com\/fr\/wp-json\/wp\/v2\/product"}],"about":[{"href":"https:\/\/fiorentinispa.com\/fr\/wp-json\/wp\/v2\/types\/product"}],"wp:featuredmedia":[{"embeddable":true,"href":"https:\/\/fiorentinispa.com\/fr\/wp-json\/wp\/v2\/media\/7617"}],"wp:attachment":[{"href":"https:\/\/fiorentinispa.com\/fr\/wp-json\/wp\/v2\/media?parent=9818"}],"wp:term":[{"taxonomy":"product_cat","embeddable":true,"href":"https:\/\/fiorentinispa.com\/fr\/wp-json\/wp\/v2\/product_cat?post=9818"},{"taxonomy":"product_tag","embeddable":true,"href":"https:\/\/fiorentinispa.com\/fr\/wp-json\/wp\/v2\/product_tag?post=9818"}],"curies":[{"name":"wp","href":"https:\/\/api.w.org\/{rel}","templated":true}]}}