{"id":9820,"date":"2026-01-12T11:54:36","date_gmt":"2026-01-12T11:54:36","guid":{"rendered":"https:\/\/fiorentinispa.com\/product\/beetle\/"},"modified":"2026-01-12T11:54:36","modified_gmt":"2026-01-12T11:54:36","slug":"beetle","status":"publish","type":"product","link":"https:\/\/fiorentinispa.com\/fr\/produit\/beetle\/","title":{"rendered":"Beetle"},"content":{"rendered":"","protected":false},"excerpt":{"rendered":"<p>Balayeuse autonome haute performance, con\u00e7ue pour le nettoyage efficace de grandes surfaces industrielles. Pour usage int\u00e9rieur et ext\u00e9rieur. <\/p>\n<p>Gr\u00e2ce \u00e0 la navigation LiDAR 3D, \u00e0 l\u2019intelligence artificielle et \u00e0 un puissant syst\u00e8me d\u2019aspiration avec filtration HEPA, elle garantit une productivit\u00e9 \u00e9lev\u00e9e, une s\u00e9curit\u00e9 op\u00e9rationnelle et une autonomie prolong\u00e9e, m\u00eame dans des environnements complexes et tr\u00e8s dynamiques.<\/p>\n<p><a class=\"fio-btn-minimal\" href=\"https:\/\/fiorentinispa.com\/wp-content\/uploads\/2026\/02\/BEETLE-scheda-tecnica.pdf\" download=\"\"><br \/>\nT\u00c9L\u00c9CHARGER LA BROCHURE<br \/>\n<\/a><\/p>\n<p><iframe width=\"560\" height=\"315\" src=\"https:\/\/www.youtube.com\/embed\/e3KiIHmopJA?si=L906hMaZKXAVpsQ3\" title=\"Lecteur vid\u00e9o YouTube\" frameborder=\"0\" allow=\"accelerometer; autoplay; clipboard-write; encrypted-media; gyroscope; picture-in-picture; web-share\" referrerpolicy=\"strict-origin-when-cross-origin\" allowfullscreen=\"\"><\/iframe><\/p>\n","protected":false},"featured_media":7344,"template":"","meta":[],"product_cat":[212],"product_tag":[],"class_list":{"0":"post-9820","1":"product","2":"type-product","3":"status-publish","4":"has-post-thumbnail","6":"product_cat-machines-autonomes","8":"first","9":"instock","10":"shipping-taxable","11":"product-type-simple"},"_links":{"self":[{"href":"https:\/\/fiorentinispa.com\/fr\/wp-json\/wp\/v2\/product\/9820","targetHints":{"allow":["GET"]}}],"collection":[{"href":"https:\/\/fiorentinispa.com\/fr\/wp-json\/wp\/v2\/product"}],"about":[{"href":"https:\/\/fiorentinispa.com\/fr\/wp-json\/wp\/v2\/types\/product"}],"wp:featuredmedia":[{"embeddable":true,"href":"https:\/\/fiorentinispa.com\/fr\/wp-json\/wp\/v2\/media\/7344"}],"wp:attachment":[{"href":"https:\/\/fiorentinispa.com\/fr\/wp-json\/wp\/v2\/media?parent=9820"}],"wp:term":[{"taxonomy":"product_cat","embeddable":true,"href":"https:\/\/fiorentinispa.com\/fr\/wp-json\/wp\/v2\/product_cat?post=9820"},{"taxonomy":"product_tag","embeddable":true,"href":"https:\/\/fiorentinispa.com\/fr\/wp-json\/wp\/v2\/product_tag?post=9820"}],"curies":[{"name":"wp","href":"https:\/\/api.w.org\/{rel}","templated":true}]}}