{"id":9826,"date":"2026-01-23T14:25:44","date_gmt":"2026-01-23T14:25:44","guid":{"rendered":"https:\/\/fiorentinispa.com\/product\/t500-evo\/"},"modified":"2026-01-23T14:25:44","modified_gmt":"2026-01-23T14:25:44","slug":"t500-evo","status":"publish","type":"product","link":"https:\/\/fiorentinispa.com\/fr\/produit\/t500-evo\/","title":{"rendered":"T500 EVO"},"content":{"rendered":"","protected":false},"excerpt":{"rendered":"<h3><strong>capacit\u00e9 de traction 500 kg<\/strong><\/h3>\n<p><strong>Pour ceux qui souhaitent un v\u00e9hicule de traction compact avec conducteur assis, pour tracter des remorques dans des espaces restreints.<\/strong><\/p>\n<p>Le tracteur compact par excellence, con\u00e7u et r\u00e9alis\u00e9 pour transporter une personne et une petite remorque (500 kg) de mani\u00e8re efficace et s\u00fbre, garantissant \u00e0 l&rsquo;entreprise une augmentation sensible de la productivit\u00e9 et de l&rsquo;efficacit\u00e9.<\/p>\n<p><a class=\"fio-btn-minimal\" href=\"https:\/\/fiorentinispa.com\/wp-content\/uploads\/2026\/02\/T_500_EVO_DC.pdf\" download=\"\"><br \/>\nT\u00c9L\u00c9CHARGER LA BROCHURE<br \/>\n<\/a><\/p>\n<p><iframe title=\"Lecteur vid\u00e9o YouTube\" src=\"https:\/\/www.youtube.com\/embed\/Ojabp5iP4_s?si=A3O5NrLD_MZ7a1lj\" width=\"560\" height=\"315\" frameborder=\"0\" allowfullscreen=\"allowfullscreen\"><\/iframe><\/p>\n","protected":false},"featured_media":7374,"template":"","meta":[],"product_cat":[219],"product_tag":[],"class_list":{"0":"post-9826","1":"product","2":"type-product","3":"status-publish","4":"has-post-thumbnail","6":"product_cat-tracteurs","8":"first","9":"instock","10":"shipping-taxable","11":"product-type-simple"},"_links":{"self":[{"href":"https:\/\/fiorentinispa.com\/fr\/wp-json\/wp\/v2\/product\/9826","targetHints":{"allow":["GET"]}}],"collection":[{"href":"https:\/\/fiorentinispa.com\/fr\/wp-json\/wp\/v2\/product"}],"about":[{"href":"https:\/\/fiorentinispa.com\/fr\/wp-json\/wp\/v2\/types\/product"}],"wp:featuredmedia":[{"embeddable":true,"href":"https:\/\/fiorentinispa.com\/fr\/wp-json\/wp\/v2\/media\/7374"}],"wp:attachment":[{"href":"https:\/\/fiorentinispa.com\/fr\/wp-json\/wp\/v2\/media?parent=9826"}],"wp:term":[{"taxonomy":"product_cat","embeddable":true,"href":"https:\/\/fiorentinispa.com\/fr\/wp-json\/wp\/v2\/product_cat?post=9826"},{"taxonomy":"product_tag","embeddable":true,"href":"https:\/\/fiorentinispa.com\/fr\/wp-json\/wp\/v2\/product_tag?post=9826"}],"curies":[{"name":"wp","href":"https:\/\/api.w.org\/{rel}","templated":true}]}}