{"id":9830,"date":"2026-01-23T14:24:37","date_gmt":"2026-01-23T14:24:37","guid":{"rendered":"https:\/\/fiorentinispa.com\/product\/sx500-ac-summer\/"},"modified":"2026-01-23T14:24:37","modified_gmt":"2026-01-23T14:24:37","slug":"sx500-ac-summer","status":"publish","type":"product","link":"https:\/\/fiorentinispa.com\/fr\/produit\/sx500-ac-summer\/","title":{"rendered":"SX500 AC Summer"},"content":{"rendered":"","protected":false},"excerpt":{"rendered":"<p>Le tracteur SX500 SUMMER est un v\u00e9ritable tracteur \u00e9lectrique de remorquage, sp\u00e9cialiste de l&rsquo;ext\u00e9rieur. Pour ceux qui op\u00e8rent dans les villages touristiques, les campings, les terrains de golf, les zones de stockage de bateaux ou sur des terrains accident\u00e9s, le SX 500 SUMMER surmonte toutes les asp\u00e9rit\u00e9s du terrain pour le remorquage de remorques (max 500 kg). <\/p>\n<p><a class=\"fio-btn-minimal\" href=\"https:\/\/fiorentinispa.com\/wp-content\/uploads\/2026\/02\/SX_500_Summer.pdf\" download=\"\"><br \/>\nT\u00c9L\u00c9CHARGER LA BROCHURE<br \/>\n<\/a><\/p>\n<p><iframe title=\"Lecteur vid\u00e9o YouTube\" src=\"https:\/\/www.youtube.com\/embed\/cZnHth1ov04?si=LHyzAuudTcrUwifX\" width=\"560\" height=\"315\" frameborder=\"0\" allowfullscreen=\"allowfullscreen\"><\/iframe><\/p>\n","protected":false},"featured_media":7372,"template":"","meta":[],"product_cat":[219],"product_tag":[],"class_list":{"0":"post-9830","1":"product","2":"type-product","3":"status-publish","4":"has-post-thumbnail","6":"product_cat-tracteurs","8":"first","9":"instock","10":"shipping-taxable","11":"product-type-simple"},"_links":{"self":[{"href":"https:\/\/fiorentinispa.com\/fr\/wp-json\/wp\/v2\/product\/9830","targetHints":{"allow":["GET"]}}],"collection":[{"href":"https:\/\/fiorentinispa.com\/fr\/wp-json\/wp\/v2\/product"}],"about":[{"href":"https:\/\/fiorentinispa.com\/fr\/wp-json\/wp\/v2\/types\/product"}],"wp:featuredmedia":[{"embeddable":true,"href":"https:\/\/fiorentinispa.com\/fr\/wp-json\/wp\/v2\/media\/7372"}],"wp:attachment":[{"href":"https:\/\/fiorentinispa.com\/fr\/wp-json\/wp\/v2\/media?parent=9830"}],"wp:term":[{"taxonomy":"product_cat","embeddable":true,"href":"https:\/\/fiorentinispa.com\/fr\/wp-json\/wp\/v2\/product_cat?post=9830"},{"taxonomy":"product_tag","embeddable":true,"href":"https:\/\/fiorentinispa.com\/fr\/wp-json\/wp\/v2\/product_tag?post=9830"}],"curies":[{"name":"wp","href":"https:\/\/api.w.org\/{rel}","templated":true}]}}