{"id":9832,"date":"2026-02-06T10:47:34","date_gmt":"2026-02-06T10:47:34","guid":{"rendered":"https:\/\/fiorentinispa.com\/product\/lavage-auto\/"},"modified":"2026-02-06T10:47:34","modified_gmt":"2026-02-06T10:47:34","slug":"lavage-auto","status":"publish","type":"product","link":"https:\/\/fiorentinispa.com\/fr\/produit\/lavage-auto\/","title":{"rendered":"Lavage auto"},"content":{"rendered":"","protected":false},"excerpt":{"rendered":"<p>CARWASH est une machine \u00e0 vapeur professionnelle avec aspirateur, con\u00e7ue pour le lavage, la remise en \u00e9tat et la d\u00e9sinfection des habitacles de voitures. L\u2019association de la vapeur \u00e0 haute temp\u00e9rature, de l\u2019aspiration professionnelle et de l\u2019air chaud garantit un nettoyage en profondeur et un s\u00e9chage rapide. <\/p>\n<p>\u00c9quip\u00e9e d\u2019un g\u00e9n\u00e9rateur d\u2019ozone int\u00e9gr\u00e9, CARWASH d\u00e9sinfecte efficacement l\u2019habitacle, \u00e9liminant bact\u00e9ries, odeurs et contaminations. Elle est id\u00e9ale pour les stations de lavage, les ateliers, les embarcations, les poids lourds et les services de lavage \u00e0 domicile. <\/p>\n<p>La machine permet de nettoyer et de d\u00e9sinfecter les si\u00e8ges, les syst\u00e8mes de climatisation, le ciel de toit, les rev\u00eatements, les moquettes en cuir, les vitres, les jantes et les moteurs. Elle atteint m\u00eame les zones les plus difficiles et \u00e9limine les poils d\u2019animaux et les chewing-gums. <\/p>\n<p>Le lavage \u00e0 vapeur des habitacles est plus efficace que les m\u00e9thodes traditionnelles : la vapeur dissout la salet\u00e9, tandis que la fonction d\u2019injection-extraction l\u2019aspire et l\u2019achemine vers la cuve de r\u00e9cup\u00e9ration int\u00e9gr\u00e9e en acier inoxydable.<\/p>\n<p>CARWASH est dot\u00e9e d\u2019un remplissage automatique de l\u2019eau dans la chaudi\u00e8re, permettant une utilisation continue sans interruption. La large gamme d\u2019accessoires permet de nettoyer efficacement chaque zone du v\u00e9hicule.<br \/>\nLe mod\u00e8le CARWASH est fourni avec des kits d\u2019accessoires d\u00e9di\u00e9s aux habitacles et au s\u00e9chage. <\/p>\n<p><a class=\"fio-btn-minimal\" href=\"https:\/\/fiorentinispa.com\/wp-content\/uploads\/2026\/02\/Carwash_SchedaTecnica_IT.pdf\" download=\"\"><br \/>\nT\u00c9L\u00c9CHARGER LA BROCHURE<br \/>\n<\/a><\/p>\n<p><iframe width=\"560\" height=\"315\" src=\"https:\/\/www.youtube.com\/embed\/5ioLphYW1tY?si=UabJv7WSjlkKEgiy\" title=\"Lecteur vid\u00e9o YouTube\" frameborder=\"0\" allow=\"accelerometer; autoplay; clipboard-write; encrypted-media; gyroscope; picture-in-picture; web-share\" referrerpolicy=\"strict-origin-when-cross-origin\" allowfullscreen=\"\"><\/iframe><\/p>\n","protected":false},"featured_media":7852,"template":"","meta":[],"product_cat":[220],"product_tag":[],"class_list":{"0":"post-9832","1":"product","2":"type-product","3":"status-publish","4":"has-post-thumbnail","6":"product_cat-machines-a-vapeur","8":"first","9":"instock","10":"shipping-taxable","11":"product-type-simple"},"_links":{"self":[{"href":"https:\/\/fiorentinispa.com\/fr\/wp-json\/wp\/v2\/product\/9832","targetHints":{"allow":["GET"]}}],"collection":[{"href":"https:\/\/fiorentinispa.com\/fr\/wp-json\/wp\/v2\/product"}],"about":[{"href":"https:\/\/fiorentinispa.com\/fr\/wp-json\/wp\/v2\/types\/product"}],"wp:featuredmedia":[{"embeddable":true,"href":"https:\/\/fiorentinispa.com\/fr\/wp-json\/wp\/v2\/media\/7852"}],"wp:attachment":[{"href":"https:\/\/fiorentinispa.com\/fr\/wp-json\/wp\/v2\/media?parent=9832"}],"wp:term":[{"taxonomy":"product_cat","embeddable":true,"href":"https:\/\/fiorentinispa.com\/fr\/wp-json\/wp\/v2\/product_cat?post=9832"},{"taxonomy":"product_tag","embeddable":true,"href":"https:\/\/fiorentinispa.com\/fr\/wp-json\/wp\/v2\/product_tag?post=9832"}],"curies":[{"name":"wp","href":"https:\/\/api.w.org\/{rel}","templated":true}]}}