{"id":9836,"date":"2026-01-23T14:22:30","date_gmt":"2026-01-23T14:22:30","guid":{"rendered":"https:\/\/fiorentinispa.com\/product\/sx500-ac\/"},"modified":"2026-01-23T14:22:30","modified_gmt":"2026-01-23T14:22:30","slug":"sx500-ac","status":"publish","type":"product","link":"https:\/\/fiorentinispa.com\/fr\/produit\/sx500-ac\/","title":{"rendered":"SX500 AC"},"content":{"rendered":"","protected":false},"excerpt":{"rendered":"<h3><strong>capacit\u00e9 de traction 500 kg<\/strong><\/h3>\n<h3>Le confort alli\u00e9 \u00e0 la puissance, sous le signe de la productivit\u00e9<\/h3>\n<p><strong>Pour ceux qui souhaitent un tracteur de remorquage debout, totalement amorti.<\/strong><\/p>\n<p>Le tracteur SX500 est un v\u00e9ritable tracteur \u00e9lectrique, con\u00e7u pour permettre aux travailleurs de se d\u00e9placer sur de grandes surfaces industrielles, d\u00e9velopp\u00e9 et r\u00e9alis\u00e9 pour transporter une personne et une remorque (max. 500 kg) de mani\u00e8re efficace et s\u00fbre.<\/p>\n<p><a class=\"fio-btn-minimal\" href=\"https:\/\/fiorentinispa.com\/wp-content\/uploads\/2026\/02\/depliant-sx500ac.pdf\" download=\"\"><br \/>\nT\u00c9L\u00c9CHARGER LA BROCHURE<br \/>\n<\/a><\/p>\n<p><iframe title=\"Lecteur vid\u00e9o YouTube\" src=\"https:\/\/www.youtube.com\/embed\/5dUY6Nj13D4?si=b8CPJU5836B4X645\" width=\"560\" height=\"315\" frameborder=\"0\" allowfullscreen=\"allowfullscreen\"><\/iframe><\/p>\n","protected":false},"featured_media":7373,"template":"","meta":[],"product_cat":[219],"product_tag":[],"class_list":{"0":"post-9836","1":"product","2":"type-product","3":"status-publish","4":"has-post-thumbnail","6":"product_cat-tracteurs","8":"first","9":"instock","10":"shipping-taxable","11":"product-type-simple"},"_links":{"self":[{"href":"https:\/\/fiorentinispa.com\/fr\/wp-json\/wp\/v2\/product\/9836","targetHints":{"allow":["GET"]}}],"collection":[{"href":"https:\/\/fiorentinispa.com\/fr\/wp-json\/wp\/v2\/product"}],"about":[{"href":"https:\/\/fiorentinispa.com\/fr\/wp-json\/wp\/v2\/types\/product"}],"wp:featuredmedia":[{"embeddable":true,"href":"https:\/\/fiorentinispa.com\/fr\/wp-json\/wp\/v2\/media\/7373"}],"wp:attachment":[{"href":"https:\/\/fiorentinispa.com\/fr\/wp-json\/wp\/v2\/media?parent=9836"}],"wp:term":[{"taxonomy":"product_cat","embeddable":true,"href":"https:\/\/fiorentinispa.com\/fr\/wp-json\/wp\/v2\/product_cat?post=9836"},{"taxonomy":"product_tag","embeddable":true,"href":"https:\/\/fiorentinispa.com\/fr\/wp-json\/wp\/v2\/product_tag?post=9836"}],"curies":[{"name":"wp","href":"https:\/\/api.w.org\/{rel}","templated":true}]}}