{"id":9838,"date":"2026-01-14T19:24:38","date_gmt":"2026-01-14T19:24:38","guid":{"rendered":"https:\/\/fiorentinispa.com\/product\/junior-vapor\/"},"modified":"2026-01-14T19:24:38","modified_gmt":"2026-01-14T19:24:38","slug":"junior-vapor","status":"publish","type":"product","link":"https:\/\/fiorentinispa.com\/fr\/produit\/junior-vapor\/","title":{"rendered":"Junior Vapor"},"content":{"rendered":"","protected":false},"excerpt":{"rendered":"<p>Vapeur et aspiration dans une seule machine.<br \/>\nG\u00e9n\u00e9rateur de vapeur avec aspiration int\u00e9gr\u00e9e pour solides et liquides, con\u00e7u pour le nettoyage professionnel intensif.<br \/>\nCombine 6 bar de pression, 165 \u00b0C, cuve inox et vapeur\/aspiration simultan\u00e9e pour d\u00e9sinfecter, aspirer et s\u00e9cher en un seul passage, m\u00eame dans des environnements complexes comme l&rsquo;h\u00f4tellerie, la restauration et la sant\u00e9.<\/p>\n<p><a class=\"fio-btn-minimal\" href=\"https:\/\/fiorentinispa.com\/wp-content\/uploads\/2026\/02\/JuniorVapor_SchedaTecnica_IT_compressed.pdf\" download=\"\"><br \/>\nT\u00c9L\u00c9CHARGER LA BROCHURE<br \/>\n<\/a><\/p>\n","protected":false},"featured_media":7354,"template":"","meta":[],"product_cat":[220],"product_tag":[],"class_list":{"0":"post-9838","1":"product","2":"type-product","3":"status-publish","4":"has-post-thumbnail","6":"product_cat-machines-a-vapeur","8":"first","9":"instock","10":"shipping-taxable","11":"product-type-simple"},"_links":{"self":[{"href":"https:\/\/fiorentinispa.com\/fr\/wp-json\/wp\/v2\/product\/9838","targetHints":{"allow":["GET"]}}],"collection":[{"href":"https:\/\/fiorentinispa.com\/fr\/wp-json\/wp\/v2\/product"}],"about":[{"href":"https:\/\/fiorentinispa.com\/fr\/wp-json\/wp\/v2\/types\/product"}],"wp:featuredmedia":[{"embeddable":true,"href":"https:\/\/fiorentinispa.com\/fr\/wp-json\/wp\/v2\/media\/7354"}],"wp:attachment":[{"href":"https:\/\/fiorentinispa.com\/fr\/wp-json\/wp\/v2\/media?parent=9838"}],"wp:term":[{"taxonomy":"product_cat","embeddable":true,"href":"https:\/\/fiorentinispa.com\/fr\/wp-json\/wp\/v2\/product_cat?post=9838"},{"taxonomy":"product_tag","embeddable":true,"href":"https:\/\/fiorentinispa.com\/fr\/wp-json\/wp\/v2\/product_tag?post=9838"}],"curies":[{"name":"wp","href":"https:\/\/api.w.org\/{rel}","templated":true}]}}