{"id":9846,"date":"2026-01-23T14:32:23","date_gmt":"2026-01-23T14:32:23","guid":{"rendered":"https:\/\/fiorentinispa.com\/product\/tx1000-ac-guidon\/"},"modified":"2026-01-23T14:32:23","modified_gmt":"2026-01-23T14:32:23","slug":"tx1000-ac-guidon","status":"publish","type":"product","link":"https:\/\/fiorentinispa.com\/fr\/produit\/tx1000-ac-guidon\/","title":{"rendered":"TX1000 AC GUIDON"},"content":{"rendered":"","protected":false},"excerpt":{"rendered":"<p>DANS UN FORMAT COMPACT, LE CONFORT ET LA S\u00c9CURIT\u00c9, SOUS LE SIGNE DE LA PRODUCTIVIT\u00c9.<br \/>\nPour ceux qui souhaitent un tracteur \u00e9lectrique \u00e0 conducteur debout, compact, confortable, amorti, avec un rayon de braquage sans compromis, pour tracter des remorques dans des espaces restreints.<br \/>\nLe tracteur TX 1000 AC MP INTRALOGISTIC est le tracteur compact par excellence, con\u00e7u et r\u00e9alis\u00e9 pour transporter une personne et une remorque (jusqu&rsquo;\u00e0 1 500 kg) de mani\u00e8re efficace et s\u00fbre, garantissant \u00e0 l&rsquo;entreprise une augmentation sensible de la productivit\u00e9 et de l&rsquo;efficacit\u00e9. Ce sont des machines robustes, id\u00e9ales pour affronter des parcours \u00e9troits et articul\u00e9s, r\u00e9sistantes aux rythmes de travail les plus intenses, \u00e0 l&rsquo;int\u00e9rieur d&rsquo;\u00e9tablissements sur sol plat. <\/p>\n<p><a class=\"fio-btn-minimal\" href=\"https:\/\/fiorentinispa.com\/wp-content\/uploads\/2026\/02\/T_1000-_AC_timone_manubrio.pdf\" download=\"\"><br \/>\nT\u00c9L\u00c9CHARGER LA BROCHURE<br \/>\n<\/a><\/p>\n","protected":false},"featured_media":7380,"template":"","meta":[],"product_cat":[219],"product_tag":[],"class_list":{"0":"post-9846","1":"product","2":"type-product","3":"status-publish","4":"has-post-thumbnail","6":"product_cat-tracteurs","8":"first","9":"instock","10":"shipping-taxable","11":"product-type-simple"},"_links":{"self":[{"href":"https:\/\/fiorentinispa.com\/fr\/wp-json\/wp\/v2\/product\/9846","targetHints":{"allow":["GET"]}}],"collection":[{"href":"https:\/\/fiorentinispa.com\/fr\/wp-json\/wp\/v2\/product"}],"about":[{"href":"https:\/\/fiorentinispa.com\/fr\/wp-json\/wp\/v2\/types\/product"}],"wp:featuredmedia":[{"embeddable":true,"href":"https:\/\/fiorentinispa.com\/fr\/wp-json\/wp\/v2\/media\/7380"}],"wp:attachment":[{"href":"https:\/\/fiorentinispa.com\/fr\/wp-json\/wp\/v2\/media?parent=9846"}],"wp:term":[{"taxonomy":"product_cat","embeddable":true,"href":"https:\/\/fiorentinispa.com\/fr\/wp-json\/wp\/v2\/product_cat?post=9846"},{"taxonomy":"product_tag","embeddable":true,"href":"https:\/\/fiorentinispa.com\/fr\/wp-json\/wp\/v2\/product_tag?post=9846"}],"curies":[{"name":"wp","href":"https:\/\/api.w.org\/{rel}","templated":true}]}}