{"id":9855,"date":"2026-02-10T22:22:19","date_gmt":"2026-02-10T22:22:19","guid":{"rendered":"https:\/\/fiorentinispa.com\/product\/dusti-1100\/"},"modified":"2026-02-10T22:22:19","modified_gmt":"2026-02-10T22:22:19","slug":"dusti-1100","status":"publish","type":"product","link":"https:\/\/fiorentinispa.com\/fr\/produit\/dusti-1100\/","title":{"rendered":"DUSTI 1100"},"content":{"rendered":"","protected":false},"excerpt":{"rendered":"<p>DUSTY 1100 ET est une balayeuse autoport\u00e9e \u00e0 batterie con\u00e7ue pour le nettoyage efficace de grandes surfaces industrielles et logistiques.<br \/>\nAvec une largeur de nettoyage de 1 100 mm et une productivit\u00e9 allant jusqu\u2019\u00e0 5 000 m\u00b2\/h, elle garantit des performances constantes m\u00eame dans des contextes \u00e0 haute intensit\u00e9 op\u00e9rationnelle.<\/p>\n<p>La traction \u00e9lectronique, la vitesse jusqu\u2019\u00e0 5,2 km\/h et la capacit\u00e9 \u00e0 franchir des pentes allant jusqu\u2019\u00e0 12 % assurent maniabilit\u00e9 et contr\u00f4le. Le bac \u00e0 d\u00e9chets de 65 litres et le syst\u00e8me de filtration de 2,5 m\u00b2 permettent une aspiration efficace des poussi\u00e8res, am\u00e9liorant ainsi la qualit\u00e9 de l\u2019environnement de travail. <\/p>\n<p>\u00c9galement disponible en version ET PLUS, avec une puissance totale sup\u00e9rieure (jusqu\u2019\u00e0 1 350 W), la DUSTY 1100 ET est une solution fiable pour les entrep\u00f4ts, les zones de production et les surfaces industrielles int\u00e9rieures et ext\u00e9rieures.<br \/>\n(Batteries et chargeur non inclus.)<\/p>\n<p><a class=\"fio-btn-minimal\" href=\"https:\/\/fiorentinispa.com\/wp-content\/uploads\/2026\/02\/dusti-1100-a-batteriamod.pdf\" download=\"\"><br \/>\nT\u00c9L\u00c9CHARGER LA BROCHURE<br \/>\n<\/a><\/p>\n","protected":false},"featured_media":7891,"template":"","meta":[],"product_cat":[210],"product_tag":[],"class_list":{"0":"post-9855","1":"product","2":"type-product","3":"status-publish","4":"has-post-thumbnail","6":"product_cat-balayeuses-autoportees","8":"first","9":"instock","10":"shipping-taxable","11":"product-type-simple"},"_links":{"self":[{"href":"https:\/\/fiorentinispa.com\/fr\/wp-json\/wp\/v2\/product\/9855","targetHints":{"allow":["GET"]}}],"collection":[{"href":"https:\/\/fiorentinispa.com\/fr\/wp-json\/wp\/v2\/product"}],"about":[{"href":"https:\/\/fiorentinispa.com\/fr\/wp-json\/wp\/v2\/types\/product"}],"wp:featuredmedia":[{"embeddable":true,"href":"https:\/\/fiorentinispa.com\/fr\/wp-json\/wp\/v2\/media\/7891"}],"wp:attachment":[{"href":"https:\/\/fiorentinispa.com\/fr\/wp-json\/wp\/v2\/media?parent=9855"}],"wp:term":[{"taxonomy":"product_cat","embeddable":true,"href":"https:\/\/fiorentinispa.com\/fr\/wp-json\/wp\/v2\/product_cat?post=9855"},{"taxonomy":"product_tag","embeddable":true,"href":"https:\/\/fiorentinispa.com\/fr\/wp-json\/wp\/v2\/product_tag?post=9855"}],"curies":[{"name":"wp","href":"https:\/\/api.w.org\/{rel}","templated":true}]}}