{"id":9857,"date":"2026-01-23T14:33:50","date_gmt":"2026-01-23T14:33:50","guid":{"rendered":"https:\/\/fiorentinispa.com\/product\/tx-2000-ac\/"},"modified":"2026-01-23T14:33:50","modified_gmt":"2026-01-23T14:33:50","slug":"tx-2000-ac","status":"publish","type":"product","link":"https:\/\/fiorentinispa.com\/fr\/produit\/tx-2000-ac\/","title":{"rendered":"TX 2000 AC"},"content":{"rendered":"","protected":false},"excerpt":{"rendered":"<h3><strong>capacit\u00e9 de traction 2000 kg<\/strong><\/h3>\n<h3><strong>Le confort et la s\u00e9curit\u00e9, au service de la productivit\u00e9<\/strong><\/h3>\n<p><strong>Pour ceux qui souhaitent un tracteur de remorquage \u00e0 conducteur debout, compact, confortable, amorti, avec un rayon de braquage sans compromis, pour tracter des remorques dans des espaces restreints.<\/strong><\/p>\n<p>Le tracteur TX2000 AC MP INTRALOGISTIC est le tracteur compact par excellence, con\u00e7u et r\u00e9alis\u00e9 pour transporter une personne et une charge tract\u00e9e (2 000 kg) de mani\u00e8re efficace et s\u00fbre, garantissant \u00e0 l&rsquo;entreprise une augmentation sensible de productivit\u00e9 et d&rsquo;efficacit\u00e9. Ce sont des machines robustes, id\u00e9ales pour affronter des parcours \u00e9troits et articul\u00e9s, r\u00e9sistantes aux rythmes de travail les plus intenses, \u00e0 l&rsquo;int\u00e9rieur d&rsquo;\u00e9tablissements sur sol plat. <\/p>\n<p><a class=\"fio-btn-minimal\" href=\"https:\/\/fiorentinispa.com\/wp-content\/uploads\/2026\/02\/TX_2000_AC-2.pdf\" download=\"\"><br \/>\nT\u00c9L\u00c9CHARGER LA BROCHURE<br \/>\n<\/a><\/p>\n","protected":false},"featured_media":7381,"template":"","meta":[],"product_cat":[219],"product_tag":[],"class_list":{"0":"post-9857","1":"product","2":"type-product","3":"status-publish","4":"has-post-thumbnail","6":"product_cat-tracteurs","8":"first","9":"instock","10":"shipping-taxable","11":"product-type-simple"},"_links":{"self":[{"href":"https:\/\/fiorentinispa.com\/fr\/wp-json\/wp\/v2\/product\/9857","targetHints":{"allow":["GET"]}}],"collection":[{"href":"https:\/\/fiorentinispa.com\/fr\/wp-json\/wp\/v2\/product"}],"about":[{"href":"https:\/\/fiorentinispa.com\/fr\/wp-json\/wp\/v2\/types\/product"}],"wp:featuredmedia":[{"embeddable":true,"href":"https:\/\/fiorentinispa.com\/fr\/wp-json\/wp\/v2\/media\/7381"}],"wp:attachment":[{"href":"https:\/\/fiorentinispa.com\/fr\/wp-json\/wp\/v2\/media?parent=9857"}],"wp:term":[{"taxonomy":"product_cat","embeddable":true,"href":"https:\/\/fiorentinispa.com\/fr\/wp-json\/wp\/v2\/product_cat?post=9857"},{"taxonomy":"product_tag","embeddable":true,"href":"https:\/\/fiorentinispa.com\/fr\/wp-json\/wp\/v2\/product_tag?post=9857"}],"curies":[{"name":"wp","href":"https:\/\/api.w.org\/{rel}","templated":true}]}}