{"id":9859,"date":"2026-01-23T14:33:07","date_gmt":"2026-01-23T14:33:07","guid":{"rendered":"https:\/\/fiorentinispa.com\/product\/tx-1000-ac-timon\/"},"modified":"2026-01-23T14:33:07","modified_gmt":"2026-01-23T14:33:07","slug":"tx-1000-ac-timon","status":"publish","type":"product","link":"https:\/\/fiorentinispa.com\/fr\/produit\/tx-1000-ac-timon\/","title":{"rendered":"TX 1000 AC TIMON"},"content":{"rendered":"","protected":false},"excerpt":{"rendered":"<h3><strong>capacit\u00e9 de remorquage 1 500 kg<\/strong><\/h3>\n<h3><strong>Dans des dimensions r\u00e9duites, le confort et la s\u00e9curit\u00e9, sous le signe de la productivit\u00e9<\/strong><\/h3>\n<p><strong>Pour ceux qui souhaitent un engin de remorquage \u00e0 conducteur debout, compact, confortable, suspendu, avec un rayon de braquage sans compromis, pour tracter des remorques dans des espaces \u00e9troits.<\/strong><\/p>\n<p>Le tracteur TX 1000 AC MP INTRALOGISTIC est le tracteur compact par excellence, con\u00e7u et r\u00e9alis\u00e9 pour transporter une personne et une charge tract\u00e9e (jusqu\u2019\u00e0 1 500 kg) de mani\u00e8re efficace et s\u00fbre, garantissant \u00e0 l\u2019entreprise une augmentation sensible de la productivit\u00e9 et de l\u2019efficacit\u00e9. Ce sont des machines robustes, id\u00e9ales pour affronter des parcours \u00e9troits et articul\u00e9s, r\u00e9sistantes aux rythmes de travail les plus intenses, \u00e0 l\u2019int\u00e9rieur d\u2019usines sur sols plats. <\/p>\n<p><a class=\"fio-btn-minimal\" href=\"https:\/\/fiorentinispa.com\/wp-content\/uploads\/2026\/02\/T_1000-_AC_timone_manubrio.pdf\" download=\"\"><br \/>\nT\u00c9L\u00c9CHARGER LA BROCHURE<br \/>\n<\/a><\/p>\n","protected":false},"featured_media":7381,"template":"","meta":[],"product_cat":[219],"product_tag":[],"class_list":{"0":"post-9859","1":"product","2":"type-product","3":"status-publish","4":"has-post-thumbnail","6":"product_cat-tracteurs","8":"first","9":"instock","10":"shipping-taxable","11":"product-type-simple"},"_links":{"self":[{"href":"https:\/\/fiorentinispa.com\/fr\/wp-json\/wp\/v2\/product\/9859","targetHints":{"allow":["GET"]}}],"collection":[{"href":"https:\/\/fiorentinispa.com\/fr\/wp-json\/wp\/v2\/product"}],"about":[{"href":"https:\/\/fiorentinispa.com\/fr\/wp-json\/wp\/v2\/types\/product"}],"wp:featuredmedia":[{"embeddable":true,"href":"https:\/\/fiorentinispa.com\/fr\/wp-json\/wp\/v2\/media\/7381"}],"wp:attachment":[{"href":"https:\/\/fiorentinispa.com\/fr\/wp-json\/wp\/v2\/media?parent=9859"}],"wp:term":[{"taxonomy":"product_cat","embeddable":true,"href":"https:\/\/fiorentinispa.com\/fr\/wp-json\/wp\/v2\/product_cat?post=9859"},{"taxonomy":"product_tag","embeddable":true,"href":"https:\/\/fiorentinispa.com\/fr\/wp-json\/wp\/v2\/product_tag?post=9859"}],"curies":[{"name":"wp","href":"https:\/\/api.w.org\/{rel}","templated":true}]}}