{"id":9867,"date":"2026-01-28T16:30:15","date_gmt":"2026-01-28T16:30:15","guid":{"rendered":"https:\/\/fiorentinispa.com\/product\/kcm\/"},"modified":"2026-01-28T16:30:15","modified_gmt":"2026-01-28T16:30:15","slug":"kcm","status":"publish","type":"product","link":"https:\/\/fiorentinispa.com\/fr\/produit\/kcm\/","title":{"rendered":"KCM"},"content":{"rendered":"","protected":false},"excerpt":{"rendered":"<p>Con\u00e7us pour un usage quotidien et intensif : nettoyage de b\u00e2timents, machines, v\u00e9hicules et \u00e9quipements.<br \/>\nId\u00e9aux pour \u00e9liminer les salet\u00e9s incrust\u00e9es et tenaces, les nettoyeurs haute pression Fiorentini allient pression et d\u00e9bit pour traiter de grandes surfaces avec une consommation \u00e9lectrique r\u00e9duite.<br \/>\nSecteurs conseill\u00e9s : agriculture, artisanat, agroalimentaire, m\u00e9tallurgie, h\u00f4tellerie et centres sportifs, municipalit\u00e9s, transports, march\u00e9s,<br \/>\nchantiers navals, etc.<\/p>\n<p><a class=\"fio-btn-minimal\" href=\"https:\/\/fiorentinispa.com\/wp-content\/uploads\/2026\/02\/KCM-PROFESSIONAL-.pdf\" download=\"\"><br \/>\nT\u00c9L\u00c9CHARGER LA BROCHURE<br \/>\n<\/a><\/p>\n","protected":false},"featured_media":7616,"template":"","meta":[],"product_cat":[218],"product_tag":[],"class_list":{"0":"post-9867","1":"product","2":"type-product","3":"status-publish","4":"has-post-thumbnail","6":"product_cat-nettoyeurs-haute-pression","8":"first","9":"instock","10":"shipping-taxable","11":"product-type-simple"},"_links":{"self":[{"href":"https:\/\/fiorentinispa.com\/fr\/wp-json\/wp\/v2\/product\/9867","targetHints":{"allow":["GET"]}}],"collection":[{"href":"https:\/\/fiorentinispa.com\/fr\/wp-json\/wp\/v2\/product"}],"about":[{"href":"https:\/\/fiorentinispa.com\/fr\/wp-json\/wp\/v2\/types\/product"}],"wp:featuredmedia":[{"embeddable":true,"href":"https:\/\/fiorentinispa.com\/fr\/wp-json\/wp\/v2\/media\/7616"}],"wp:attachment":[{"href":"https:\/\/fiorentinispa.com\/fr\/wp-json\/wp\/v2\/media?parent=9867"}],"wp:term":[{"taxonomy":"product_cat","embeddable":true,"href":"https:\/\/fiorentinispa.com\/fr\/wp-json\/wp\/v2\/product_cat?post=9867"},{"taxonomy":"product_tag","embeddable":true,"href":"https:\/\/fiorentinispa.com\/fr\/wp-json\/wp\/v2\/product_tag?post=9867"}],"curies":[{"name":"wp","href":"https:\/\/api.w.org\/{rel}","templated":true}]}}