{"id":9902,"date":"2025-02-03T19:04:55","date_gmt":"2025-02-03T19:04:55","guid":{"rendered":"https:\/\/fiorentinispa.com\/product\/i-18\/"},"modified":"2025-02-03T19:04:55","modified_gmt":"2025-02-03T19:04:55","slug":"i-18","status":"publish","type":"product","link":"https:\/\/fiorentinispa.com\/fr\/produit\/i-18\/","title":{"rendered":"I 18"},"content":{"rendered":"","protected":false},"excerpt":{"rendered":"<p>La gamme d\u2019autolaveuses \u00e0 conducteur accompagnant I 18 d\u2019Ing. Fiorentini S.p.A. s\u2019adapte \u00e0 de nombreux environnements de travail. Tr\u00e8s fiable, elle est id\u00e9ale pour les espaces restreints tels que les petits centres commerciaux, les \u00e9coles ou les entreprises. Elle est disponible avec une brosse, deux brosses ou une brosse orbitale pour les salissures tenaces.<\/p>\n<p>rendement horaire : 1 800 m\u00b2\/h<br \/>\nautonomie : 3 h<br \/>\ncapacit\u00e9 du r\u00e9servoir : 30 l<br \/>\nvitesse d\u2019avancement : 0-4 km\/h<\/p>\n<p><a class=\"fio-btn-minimal\" href=\"https:\/\/fiorentinispa.com\/wp-content\/uploads\/2026\/02\/I18.pdf\" download=\"\"><br \/>\nT\u00c9L\u00c9CHARGER LA BROCHURE<br \/>\n<\/a><\/p>\n<p><iframe width=\"560\" height=\"315\" src=\"https:\/\/www.youtube.com\/embed\/K43vzX4YtTE?si=wH4vBw82DK4V-wHF\" title=\"Lecteur vid\u00e9o YouTube\" frameborder=\"0\" allow=\"accelerometer; autoplay; clipboard-write; encrypted-media; gyroscope; picture-in-picture; web-share\" referrerpolicy=\"strict-origin-when-cross-origin\" allowfullscreen=\"\"><\/iframe><\/p>\n","protected":false},"featured_media":7347,"template":"","meta":[],"product_cat":[211],"product_tag":[],"class_list":{"0":"post-9902","1":"product","2":"type-product","3":"status-publish","4":"has-post-thumbnail","6":"product_cat-autolaveuse-a-conducteur-accompagnant","8":"first","9":"instock","10":"shipping-taxable","11":"product-type-simple"},"_links":{"self":[{"href":"https:\/\/fiorentinispa.com\/fr\/wp-json\/wp\/v2\/product\/9902","targetHints":{"allow":["GET"]}}],"collection":[{"href":"https:\/\/fiorentinispa.com\/fr\/wp-json\/wp\/v2\/product"}],"about":[{"href":"https:\/\/fiorentinispa.com\/fr\/wp-json\/wp\/v2\/types\/product"}],"wp:featuredmedia":[{"embeddable":true,"href":"https:\/\/fiorentinispa.com\/fr\/wp-json\/wp\/v2\/media\/7347"}],"wp:attachment":[{"href":"https:\/\/fiorentinispa.com\/fr\/wp-json\/wp\/v2\/media?parent=9902"}],"wp:term":[{"taxonomy":"product_cat","embeddable":true,"href":"https:\/\/fiorentinispa.com\/fr\/wp-json\/wp\/v2\/product_cat?post=9902"},{"taxonomy":"product_tag","embeddable":true,"href":"https:\/\/fiorentinispa.com\/fr\/wp-json\/wp\/v2\/product_tag?post=9902"}],"curies":[{"name":"wp","href":"https:\/\/api.w.org\/{rel}","templated":true}]}}