{"id":9911,"date":"2025-02-03T19:18:15","date_gmt":"2025-02-03T19:18:15","guid":{"rendered":"https:\/\/fiorentinispa.com\/product\/eco-20\/"},"modified":"2025-02-03T19:18:15","modified_gmt":"2025-02-03T19:18:15","slug":"eco-20","status":"publish","type":"product","link":"https:\/\/fiorentinispa.com\/fr\/produit\/eco-20\/","title":{"rendered":"ECO 20"},"content":{"rendered":"","protected":false},"excerpt":{"rendered":"<p>L\u2019Eco 20 d\u2019Ing. Fiorentini spa est une autolaveuse \u00e0 conducteur accompagnant, d\u00e9velopp\u00e9e pour ceux qui ont besoin d\u2019une grande capacit\u00e9 et d\u2019un encombrement r\u00e9duit ; elle est tr\u00e8s fiable et parvient \u00e0 nettoyer m\u00eame la salet\u00e9 la plus tenace.<\/p>\n<p>rendement horaire : 2 000 m\u00b2\/h<br \/>\nautonomie machine : 3 h<br \/>\ncapacit\u00e9 r\u00e9servoir : 50 l<br \/>\nvitesse d\u2019avancement : 0-4 km\/h<\/p>\n<p><a class=\"fio-btn-minimal\" href=\"https:\/\/fiorentinispa.com\/wp-content\/uploads\/2026\/02\/eco_20.pdf\" download=\"\"><br \/>\nT\u00c9L\u00c9CHARGER LA BROCHURE<br \/>\n<\/a><\/p>\n","protected":false},"featured_media":7337,"template":"","meta":[],"product_cat":[211],"product_tag":[],"class_list":{"0":"post-9911","1":"product","2":"type-product","3":"status-publish","4":"has-post-thumbnail","6":"product_cat-autolaveuse-a-conducteur-accompagnant","8":"first","9":"instock","10":"shipping-taxable","11":"product-type-simple"},"_links":{"self":[{"href":"https:\/\/fiorentinispa.com\/fr\/wp-json\/wp\/v2\/product\/9911","targetHints":{"allow":["GET"]}}],"collection":[{"href":"https:\/\/fiorentinispa.com\/fr\/wp-json\/wp\/v2\/product"}],"about":[{"href":"https:\/\/fiorentinispa.com\/fr\/wp-json\/wp\/v2\/types\/product"}],"wp:featuredmedia":[{"embeddable":true,"href":"https:\/\/fiorentinispa.com\/fr\/wp-json\/wp\/v2\/media\/7337"}],"wp:attachment":[{"href":"https:\/\/fiorentinispa.com\/fr\/wp-json\/wp\/v2\/media?parent=9911"}],"wp:term":[{"taxonomy":"product_cat","embeddable":true,"href":"https:\/\/fiorentinispa.com\/fr\/wp-json\/wp\/v2\/product_cat?post=9911"},{"taxonomy":"product_tag","embeddable":true,"href":"https:\/\/fiorentinispa.com\/fr\/wp-json\/wp\/v2\/product_tag?post=9911"}],"curies":[{"name":"wp","href":"https:\/\/api.w.org\/{rel}","templated":true}]}}