{"id":9912,"date":"2026-01-23T14:28:24","date_gmt":"2026-01-23T14:28:24","guid":{"rendered":"https:\/\/fiorentinispa.com\/product\/t1000-ac\/"},"modified":"2026-01-23T14:28:24","modified_gmt":"2026-01-23T14:28:24","slug":"t1000-ac","status":"publish","type":"product","link":"https:\/\/fiorentinispa.com\/fr\/produit\/t1000-ac\/","title":{"rendered":"T1000 AC"},"content":{"rendered":"","protected":false},"excerpt":{"rendered":"<h3><strong>capacit\u00e9 de traction 1000 kg<\/strong><\/h3>\n<h3>Dimensions r\u00e9duites, commodit\u00e9 et confort, sous le signe de la productivit\u00e9<\/h3>\n<p><strong>Pour ceux qui souhaitent un tracteur de traction debout, totalement amorti.<\/strong><\/p>\n<p>T1000 AC le tracteur compact par excellence, con\u00e7u et r\u00e9alis\u00e9 pour transporter une personne et une charge tract\u00e9e jusqu&rsquo;\u00e0 1000 kg de mani\u00e8re efficace et s\u00fbre, garantissant \u00e0 l&rsquo;entreprise une augmentation sensible de productivit\u00e9 et d&rsquo;efficacit\u00e9.<\/p>\n<p><a class=\"fio-btn-minimal\" href=\"https:\/\/fiorentinispa.com\/wp-content\/uploads\/2026\/02\/T_1000-_AC_timone_manubrio.pdf\" download=\"\"><br \/>\nT\u00c9L\u00c9CHARGER LA BROCHURE<br \/>\n<\/a><\/p>\n<p><iframe title=\"Lecteur vid\u00e9o YouTube\" src=\"https:\/\/www.youtube.com\/embed\/Ojabp5iP4_s?si=ZUQbQH1TCCGNYQM3\" width=\"560\" height=\"315\" frameborder=\"0\" allowfullscreen=\"allowfullscreen\"><\/iframe><\/p>\n","protected":false},"featured_media":7375,"template":"","meta":[],"product_cat":[219],"product_tag":[],"class_list":{"0":"post-9912","1":"product","2":"type-product","3":"status-publish","4":"has-post-thumbnail","6":"product_cat-tracteurs","8":"first","9":"instock","10":"shipping-taxable","11":"product-type-simple"},"_links":{"self":[{"href":"https:\/\/fiorentinispa.com\/fr\/wp-json\/wp\/v2\/product\/9912","targetHints":{"allow":["GET"]}}],"collection":[{"href":"https:\/\/fiorentinispa.com\/fr\/wp-json\/wp\/v2\/product"}],"about":[{"href":"https:\/\/fiorentinispa.com\/fr\/wp-json\/wp\/v2\/types\/product"}],"wp:featuredmedia":[{"embeddable":true,"href":"https:\/\/fiorentinispa.com\/fr\/wp-json\/wp\/v2\/media\/7375"}],"wp:attachment":[{"href":"https:\/\/fiorentinispa.com\/fr\/wp-json\/wp\/v2\/media?parent=9912"}],"wp:term":[{"taxonomy":"product_cat","embeddable":true,"href":"https:\/\/fiorentinispa.com\/fr\/wp-json\/wp\/v2\/product_cat?post=9912"},{"taxonomy":"product_tag","embeddable":true,"href":"https:\/\/fiorentinispa.com\/fr\/wp-json\/wp\/v2\/product_tag?post=9912"}],"curies":[{"name":"wp","href":"https:\/\/api.w.org\/{rel}","templated":true}]}}