{"id":9919,"date":"2026-01-12T11:40:02","date_gmt":"2026-01-12T11:40:02","guid":{"rendered":"https:\/\/fiorentinispa.com\/product\/ef85\/"},"modified":"2026-01-12T11:40:02","modified_gmt":"2026-01-12T11:40:02","slug":"ef85","status":"publish","type":"product","link":"https:\/\/fiorentinispa.com\/fr\/produit\/ef85\/","title":{"rendered":"EF85"},"content":{"rendered":"","protected":false},"excerpt":{"rendered":"<p>Machine con\u00e7ue pour offrir des performances de nettoyage \u00e9lev\u00e9es en milieux industriels et professionnels, alliant puissance, autonomie et contr\u00f4le avanc\u00e9.<br \/>\nLe panneau de commande num\u00e9rique avec fonction ECO permet une gestion intuitive des param\u00e8tres, optimisant la consommation et l\u2019efficacit\u00e9 op\u00e9rationnelle.<br \/>\nLe filtre HEPA assure une haute qualit\u00e9 de l\u2019air en capturant les poussi\u00e8res fines, tandis que le distributeur d\u2019eau propre garantit un contr\u00f4le pr\u00e9cis du lavage.<\/p>\n<p>Avec une largeur de travail de 750 mm et une productivit\u00e9 allant jusqu\u2019\u00e0 4 500 m\u00b2\/h, cette machine est id\u00e9ale pour les grandes surfaces.<br \/>\nLa grande capacit\u00e9 des r\u00e9servoirs (160 L de solution et 160 L de r\u00e9cup\u00e9ration) et une autonomie allant jusqu\u2019\u00e0 5 heures permettent de longs cycles de travail sans interruption.<br \/>\nLa traction \u00e9lectrique, la maniabilit\u00e9 et la capacit\u00e9 \u00e0 franchir des pentes jusqu\u2019\u00e0 10 % la rendent adapt\u00e9e aux environnements complexes.<\/p>\n<p><a class=\"fio-btn-minimal\" href=\"https:\/\/fiorentinispa.com\/wp-content\/uploads\/2026\/02\/EF-75-85-100-depliant.pdf\" download=\"\"><br \/>\nT\u00c9L\u00c9CHARGER LA BROCHURE<br \/>\n<\/a><\/p>\n","protected":false},"featured_media":7342,"template":"","meta":[],"product_cat":[209],"product_tag":[],"class_list":{"0":"post-9919","1":"product","2":"type-product","3":"status-publish","4":"has-post-thumbnail","6":"product_cat-autolaveuse-autoportee","8":"first","9":"instock","10":"shipping-taxable","11":"product-type-simple"},"_links":{"self":[{"href":"https:\/\/fiorentinispa.com\/fr\/wp-json\/wp\/v2\/product\/9919","targetHints":{"allow":["GET"]}}],"collection":[{"href":"https:\/\/fiorentinispa.com\/fr\/wp-json\/wp\/v2\/product"}],"about":[{"href":"https:\/\/fiorentinispa.com\/fr\/wp-json\/wp\/v2\/types\/product"}],"wp:featuredmedia":[{"embeddable":true,"href":"https:\/\/fiorentinispa.com\/fr\/wp-json\/wp\/v2\/media\/7342"}],"wp:attachment":[{"href":"https:\/\/fiorentinispa.com\/fr\/wp-json\/wp\/v2\/media?parent=9919"}],"wp:term":[{"taxonomy":"product_cat","embeddable":true,"href":"https:\/\/fiorentinispa.com\/fr\/wp-json\/wp\/v2\/product_cat?post=9919"},{"taxonomy":"product_tag","embeddable":true,"href":"https:\/\/fiorentinispa.com\/fr\/wp-json\/wp\/v2\/product_tag?post=9919"}],"curies":[{"name":"wp","href":"https:\/\/api.w.org\/{rel}","templated":true}]}}