{"id":9925,"date":"2025-02-04T09:13:10","date_gmt":"2025-02-04T09:13:10","guid":{"rendered":"https:\/\/fiorentinispa.com\/product\/s-28\/"},"modified":"2025-02-04T09:13:10","modified_gmt":"2025-02-04T09:13:10","slug":"s-28","status":"publish","type":"product","link":"https:\/\/fiorentinispa.com\/fr\/produit\/s-28\/","title":{"rendered":"S 28"},"content":{"rendered":"","protected":false},"excerpt":{"rendered":"<p>Balayeuse extr\u00eamement agile et compacte, elle allie puissance \u00e9lev\u00e9e et polyvalence pour r\u00e9pondre aux besoins de nettoyage dans les petits espaces int\u00e9rieurs, mais aussi ext\u00e9rieurs comme les parkings, disponible avec vidage en hauteur ou au sol.<\/p>\n<p>rendement horaire : 6 600 m\u00b2\/h<br \/>\ncapacit\u00e9 du bac \u00e0 d\u00e9chets : 70 L<br \/>\nvitesse d\u2019avancement : 0-6 km\/h<br \/>\nhauteur de vidage : 1 310 mm<\/p>\n<p><a class=\"fio-btn-minimal\" href=\"https:\/\/fiorentinispa.com\/wp-content\/uploads\/2026\/02\/S28.pdf\" download=\"\"><br \/>\nT\u00c9L\u00c9CHARGER LA BROCHURE<br \/>\n<\/a><br \/>\n<br \/><iframe width=\"560\" height=\"315\" src=\"https:\/\/www.youtube.com\/embed\/XtPhqtZEDXs?si=PJP-jdw48CEUD3A5\" title=\"Lecteur vid\u00e9o YouTube\" frameborder=\"0\" allow=\"accelerometer; autoplay; clipboard-write; encrypted-media; gyroscope; picture-in-picture; web-share\" referrerpolicy=\"strict-origin-when-cross-origin\" allowfullscreen=\"\"><\/iframe><\/p>\n","protected":false},"featured_media":7360,"template":"","meta":[],"product_cat":[210],"product_tag":[],"class_list":{"0":"post-9925","1":"product","2":"type-product","3":"status-publish","4":"has-post-thumbnail","6":"product_cat-balayeuses-autoportees","8":"first","9":"instock","10":"shipping-taxable","11":"product-type-simple"},"_links":{"self":[{"href":"https:\/\/fiorentinispa.com\/fr\/wp-json\/wp\/v2\/product\/9925","targetHints":{"allow":["GET"]}}],"collection":[{"href":"https:\/\/fiorentinispa.com\/fr\/wp-json\/wp\/v2\/product"}],"about":[{"href":"https:\/\/fiorentinispa.com\/fr\/wp-json\/wp\/v2\/types\/product"}],"wp:featuredmedia":[{"embeddable":true,"href":"https:\/\/fiorentinispa.com\/fr\/wp-json\/wp\/v2\/media\/7360"}],"wp:attachment":[{"href":"https:\/\/fiorentinispa.com\/fr\/wp-json\/wp\/v2\/media?parent=9925"}],"wp:term":[{"taxonomy":"product_cat","embeddable":true,"href":"https:\/\/fiorentinispa.com\/fr\/wp-json\/wp\/v2\/product_cat?post=9925"},{"taxonomy":"product_tag","embeddable":true,"href":"https:\/\/fiorentinispa.com\/fr\/wp-json\/wp\/v2\/product_tag?post=9925"}],"curies":[{"name":"wp","href":"https:\/\/api.w.org\/{rel}","templated":true}]}}