{"id":9936,"date":"2025-02-04T09:01:12","date_gmt":"2025-02-04T09:01:12","guid":{"rendered":"https:\/\/fiorentinispa.com\/product\/i-115\/"},"modified":"2025-02-04T09:01:12","modified_gmt":"2025-02-04T09:01:12","slug":"i-115","status":"publish","type":"product","link":"https:\/\/fiorentinispa.com\/fr\/produit\/i-115\/","title":{"rendered":"I 115"},"content":{"rendered":"","protected":false},"excerpt":{"rendered":"<p>Machine unique en son genre, con\u00e7ue pour vous offrir le meilleur en tant qu\u2019autolaveuse ou<br \/>\nbalayeuse, tr\u00e8s robuste, durable, tr\u00e8s agile, id\u00e9ale pour les tr\u00e8s grands espaces, efficace sur les sols tr\u00e8s sales, tels que les centres commerciaux, les entreprises, les a\u00e9roports et les entrep\u00f4ts industriels.<\/p>\n<p>rendement horaire : 6900-8050 m\u00b2\/h<br \/>\nautonomie machine : 3 h<br \/>\ncapacit\u00e9 r\u00e9servoir : 210 L<br \/>\nvitesse d\u2019avancement : 0-6 km\/h<\/p>\n<p><a class=\"fio-btn-minimal\" href=\"https:\/\/fiorentinispa.com\/wp-content\/uploads\/2026\/02\/115.pdf\" download=\"\"><br \/>\nT\u00c9L\u00c9CHARGER LA BROCHURE<br \/>\n<\/a><br \/>\n<br \/><iframe width=\"560\" height=\"315\" src=\"https:\/\/www.youtube.com\/embed\/uiXvktTEJCA?si=gs1S_LA30UiCa5ZV\" title=\"Lecteur vid\u00e9o YouTube\" frameborder=\"0\" allow=\"accelerometer; autoplay; clipboard-write; encrypted-media; gyroscope; picture-in-picture; web-share\" referrerpolicy=\"strict-origin-when-cross-origin\" allowfullscreen=\"\"><\/iframe><\/p>\n","protected":false},"featured_media":7350,"template":"","meta":[],"product_cat":[209],"product_tag":[],"class_list":{"0":"post-9936","1":"product","2":"type-product","3":"status-publish","4":"has-post-thumbnail","6":"product_cat-autolaveuse-autoportee","8":"first","9":"instock","10":"shipping-taxable","11":"product-type-simple"},"_links":{"self":[{"href":"https:\/\/fiorentinispa.com\/fr\/wp-json\/wp\/v2\/product\/9936","targetHints":{"allow":["GET"]}}],"collection":[{"href":"https:\/\/fiorentinispa.com\/fr\/wp-json\/wp\/v2\/product"}],"about":[{"href":"https:\/\/fiorentinispa.com\/fr\/wp-json\/wp\/v2\/types\/product"}],"wp:featuredmedia":[{"embeddable":true,"href":"https:\/\/fiorentinispa.com\/fr\/wp-json\/wp\/v2\/media\/7350"}],"wp:attachment":[{"href":"https:\/\/fiorentinispa.com\/fr\/wp-json\/wp\/v2\/media?parent=9936"}],"wp:term":[{"taxonomy":"product_cat","embeddable":true,"href":"https:\/\/fiorentinispa.com\/fr\/wp-json\/wp\/v2\/product_cat?post=9936"},{"taxonomy":"product_tag","embeddable":true,"href":"https:\/\/fiorentinispa.com\/fr\/wp-json\/wp\/v2\/product_tag?post=9936"}],"curies":[{"name":"wp","href":"https:\/\/api.w.org\/{rel}","templated":true}]}}