{"id":9950,"date":"2025-02-04T08:51:25","date_gmt":"2025-02-04T08:51:25","guid":{"rendered":"https:\/\/fiorentinispa.com\/product\/terminator\/"},"modified":"2025-02-04T08:51:25","modified_gmt":"2025-02-04T08:51:25","slug":"terminator","status":"publish","type":"product","link":"https:\/\/fiorentinispa.com\/fr\/produit\/terminator\/","title":{"rendered":"TERMINATOR"},"content":{"rendered":"","protected":false},"excerpt":{"rendered":"<p>Autolaveuse tr\u00e8s robuste, durable dans le temps, tr\u00e8s maniable, id\u00e9ale pour les tr\u00e8s grands espaces tels que centres commerciaux, entreprises, a\u00e9roports et entrep\u00f4ts industriels.<\/p>\n<p>rendement horaire : 7000 \u2013 8750 m\u00b2\/h<br \/>\nautonomie machine : 4 h<br \/>\ncapacit\u00e9 r\u00e9servoir : 300 L<br \/>\ncapacit\u00e9 bac \u00e0 d\u00e9chets : 18 L<br \/>\nvitesse d&rsquo;avancement : 0-7 km\/h<\/p>\n<p><a class=\"fio-btn-minimal\" href=\"https:\/\/fiorentinispa.com\/wp-content\/uploads\/2026\/02\/terminator.pdf\" download=\"\"><br \/>\nT\u00c9L\u00c9CHARGER LA BROCHURE<br \/>\n<\/a><\/p>\n","protected":false},"featured_media":7378,"template":"","meta":[],"product_cat":[209],"product_tag":[],"class_list":{"0":"post-9950","1":"product","2":"type-product","3":"status-publish","4":"has-post-thumbnail","6":"product_cat-autolaveuse-autoportee","8":"first","9":"instock","10":"shipping-taxable","11":"product-type-simple"},"_links":{"self":[{"href":"https:\/\/fiorentinispa.com\/fr\/wp-json\/wp\/v2\/product\/9950","targetHints":{"allow":["GET"]}}],"collection":[{"href":"https:\/\/fiorentinispa.com\/fr\/wp-json\/wp\/v2\/product"}],"about":[{"href":"https:\/\/fiorentinispa.com\/fr\/wp-json\/wp\/v2\/types\/product"}],"wp:featuredmedia":[{"embeddable":true,"href":"https:\/\/fiorentinispa.com\/fr\/wp-json\/wp\/v2\/media\/7378"}],"wp:attachment":[{"href":"https:\/\/fiorentinispa.com\/fr\/wp-json\/wp\/v2\/media?parent=9950"}],"wp:term":[{"taxonomy":"product_cat","embeddable":true,"href":"https:\/\/fiorentinispa.com\/fr\/wp-json\/wp\/v2\/product_cat?post=9950"},{"taxonomy":"product_tag","embeddable":true,"href":"https:\/\/fiorentinispa.com\/fr\/wp-json\/wp\/v2\/product_tag?post=9950"}],"curies":[{"name":"wp","href":"https:\/\/api.w.org\/{rel}","templated":true}]}}