{"id":9960,"date":"2025-02-04T09:10:32","date_gmt":"2025-02-04T09:10:32","guid":{"rendered":"https:\/\/fiorentinispa.com\/product\/mini-sweeper\/"},"modified":"2025-02-04T09:10:32","modified_gmt":"2025-02-04T09:10:32","slug":"mini-sweeper","status":"publish","type":"product","link":"https:\/\/fiorentinispa.com\/fr\/produit\/mini-sweeper\/","title":{"rendered":"MINI SWEEPER"},"content":{"rendered":"","protected":false},"excerpt":{"rendered":"<p>Balayeuse extr\u00eamement agile et compacte, elle allie puissance \u00e9lev\u00e9e et polyvalence pour r\u00e9pondre aux besoins de nettoyage dans les petits espaces int\u00e9rieurs, mais aussi dans les environnements ext\u00e9rieurs tels que les parkings.<\/p>\n<p>rendement horaire : 4 200 m\u00b2\/h<br \/>\ncapacit\u00e9 du bac \u00e0 d\u00e9chets : 33 L<br \/>\nvitesse d\u2019avancement : 0-6 km\/h<\/p>\n<p><a class=\"fio-btn-minimal\" href=\"https:\/\/fiorentinispa.com\/wp-content\/uploads\/2026\/02\/mini_sweeper.pdf\" download=\"\"><br \/>\nT\u00c9L\u00c9CHARGER LA BROCHURE<br \/>\n<\/a><br \/>\n<br \/><iframe width=\"560\" height=\"315\" src=\"https:\/\/www.youtube.com\/embed\/-C20DJtoobc?si=BXEcAjHs1dlA3_a0\" title=\"Lecteur vid\u00e9o YouTube\" frameborder=\"0\" allow=\"accelerometer; autoplay; clipboard-write; encrypted-media; gyroscope; picture-in-picture; web-share\" referrerpolicy=\"strict-origin-when-cross-origin\" allowfullscreen=\"\"><\/iframe><\/p>\n","protected":false},"featured_media":7357,"template":"","meta":[],"product_cat":[210],"product_tag":[],"class_list":{"0":"post-9960","1":"product","2":"type-product","3":"status-publish","4":"has-post-thumbnail","6":"product_cat-balayeuses-autoportees","8":"first","9":"instock","10":"shipping-taxable","11":"product-type-simple"},"_links":{"self":[{"href":"https:\/\/fiorentinispa.com\/fr\/wp-json\/wp\/v2\/product\/9960","targetHints":{"allow":["GET"]}}],"collection":[{"href":"https:\/\/fiorentinispa.com\/fr\/wp-json\/wp\/v2\/product"}],"about":[{"href":"https:\/\/fiorentinispa.com\/fr\/wp-json\/wp\/v2\/types\/product"}],"wp:featuredmedia":[{"embeddable":true,"href":"https:\/\/fiorentinispa.com\/fr\/wp-json\/wp\/v2\/media\/7357"}],"wp:attachment":[{"href":"https:\/\/fiorentinispa.com\/fr\/wp-json\/wp\/v2\/media?parent=9960"}],"wp:term":[{"taxonomy":"product_cat","embeddable":true,"href":"https:\/\/fiorentinispa.com\/fr\/wp-json\/wp\/v2\/product_cat?post=9960"},{"taxonomy":"product_tag","embeddable":true,"href":"https:\/\/fiorentinispa.com\/fr\/wp-json\/wp\/v2\/product_tag?post=9960"}],"curies":[{"name":"wp","href":"https:\/\/api.w.org\/{rel}","templated":true}]}}