{"id":9971,"date":"2026-01-14T19:22:49","date_gmt":"2026-01-14T19:22:49","guid":{"rendered":"https:\/\/fiorentinispa.com\/product\/baby-vapor\/"},"modified":"2026-01-14T19:22:49","modified_gmt":"2026-01-14T19:22:49","slug":"baby-vapor","status":"publish","type":"product","link":"https:\/\/fiorentinispa.com\/fr\/produit\/baby-vapor\/","title":{"rendered":"Baby Vapor"},"content":{"rendered":"","protected":false},"excerpt":{"rendered":"<p>Compact, puissant, professionnel.<br \/>\nG\u00e9n\u00e9rateur de vapeur compact en acier inoxydable, id\u00e9al pour le nettoyage professionnel dans les environnements commerciaux et l&rsquo;h\u00f4tellerie.<br \/>\n6 bar de pression, 165 \u00b0C, recharge automatique et r\u00e9gulation de la vapeur garantissent<br \/>\ndes performances constantes, une s\u00e9curit\u00e9 maximale et une facilit\u00e9 d&rsquo;utilisation, m\u00eame dans les espaces les plus r\u00e9duits.<\/p>\n<p><a class=\"fio-btn-minimal\" href=\"https:\/\/fiorentinispa.com\/wp-content\/uploads\/2026\/02\/BabyVapor_SchedaTecnica_IT_compressed.pdf\" download=\"\"><br \/>\nT\u00c9L\u00c9CHARGER LA BROCHURE<br \/>\n<\/a><\/p>\n<p><iframe width=\"560\" height=\"315\" src=\"https:\/\/www.youtube.com\/embed\/hq4BpcZ5VAE?si=-btRRMGJ9OvUJ3zY\" title=\"Lecteur vid\u00e9o YouTube\" frameborder=\"0\" allow=\"accelerometer; autoplay; clipboard-write; encrypted-media; gyroscope; picture-in-picture; web-share\" referrerpolicy=\"strict-origin-when-cross-origin\" allowfullscreen=\"\"><\/iframe><\/p>\n","protected":false},"featured_media":7335,"template":"","meta":[],"product_cat":[220],"product_tag":[],"class_list":{"0":"post-9971","1":"product","2":"type-product","3":"status-publish","4":"has-post-thumbnail","6":"product_cat-machines-a-vapeur","8":"first","9":"instock","10":"shipping-taxable","11":"product-type-simple"},"_links":{"self":[{"href":"https:\/\/fiorentinispa.com\/fr\/wp-json\/wp\/v2\/product\/9971","targetHints":{"allow":["GET"]}}],"collection":[{"href":"https:\/\/fiorentinispa.com\/fr\/wp-json\/wp\/v2\/product"}],"about":[{"href":"https:\/\/fiorentinispa.com\/fr\/wp-json\/wp\/v2\/types\/product"}],"wp:featuredmedia":[{"embeddable":true,"href":"https:\/\/fiorentinispa.com\/fr\/wp-json\/wp\/v2\/media\/7335"}],"wp:attachment":[{"href":"https:\/\/fiorentinispa.com\/fr\/wp-json\/wp\/v2\/media?parent=9971"}],"wp:term":[{"taxonomy":"product_cat","embeddable":true,"href":"https:\/\/fiorentinispa.com\/fr\/wp-json\/wp\/v2\/product_cat?post=9971"},{"taxonomy":"product_tag","embeddable":true,"href":"https:\/\/fiorentinispa.com\/fr\/wp-json\/wp\/v2\/product_tag?post=9971"}],"curies":[{"name":"wp","href":"https:\/\/api.w.org\/{rel}","templated":true}]}}