{"id":9978,"date":"2025-02-04T10:01:58","date_gmt":"2025-02-04T10:01:58","guid":{"rendered":"https:\/\/fiorentinispa.com\/product\/tx\/"},"modified":"2025-02-04T10:01:58","modified_gmt":"2025-02-04T10:01:58","slug":"tx","status":"publish","type":"product","link":"https:\/\/fiorentinispa.com\/fr\/produit\/tx\/","title":{"rendered":"TX"},"content":{"rendered":"","protected":false},"excerpt":{"rendered":"<p>Gamme de tracteurs Fiorentini, tr\u00e8s robustes et agiles, avec une capacit\u00e9 de remorquage tr\u00e8s \u00e9tendue de 500 \u00e0 6 000 kg.<\/p>\n<p>vitesse d\u2019avancement : 0-12<br \/>\nautonomie de travail : 6 h<br \/>\npoids remorquable : 500 \u2013 6 000 kg<\/p>\n<p><a class=\"fio-btn-minimal\" href=\"https:\/\/fiorentinispa.com\/wp-content\/uploads\/2026\/02\/TX.pdf\" download=\"\"><br \/>\nT\u00c9L\u00c9CHARGER LA BROCHURE<br \/>\n<\/a><br \/>\n<br \/><iframe width=\"560\" height=\"315\" src=\"https:\/\/www.youtube.com\/embed\/UbsOc4atr_A?si=UkIiq5kyYff30tJ_\" title=\"Lecteur vid\u00e9o YouTube\" frameborder=\"0\" allow=\"accelerometer; autoplay; clipboard-write; encrypted-media; gyroscope; picture-in-picture; web-share\" referrerpolicy=\"strict-origin-when-cross-origin\" allowfullscreen=\"\"><\/iframe><\/p>\n","protected":false},"featured_media":7379,"template":"","meta":[],"product_cat":[219],"product_tag":[],"class_list":{"0":"post-9978","1":"product","2":"type-product","3":"status-publish","4":"has-post-thumbnail","6":"product_cat-tracteurs","8":"first","9":"instock","10":"shipping-taxable","11":"product-type-simple"},"_links":{"self":[{"href":"https:\/\/fiorentinispa.com\/fr\/wp-json\/wp\/v2\/product\/9978","targetHints":{"allow":["GET"]}}],"collection":[{"href":"https:\/\/fiorentinispa.com\/fr\/wp-json\/wp\/v2\/product"}],"about":[{"href":"https:\/\/fiorentinispa.com\/fr\/wp-json\/wp\/v2\/types\/product"}],"wp:featuredmedia":[{"embeddable":true,"href":"https:\/\/fiorentinispa.com\/fr\/wp-json\/wp\/v2\/media\/7379"}],"wp:attachment":[{"href":"https:\/\/fiorentinispa.com\/fr\/wp-json\/wp\/v2\/media?parent=9978"}],"wp:term":[{"taxonomy":"product_cat","embeddable":true,"href":"https:\/\/fiorentinispa.com\/fr\/wp-json\/wp\/v2\/product_cat?post=9978"},{"taxonomy":"product_tag","embeddable":true,"href":"https:\/\/fiorentinispa.com\/fr\/wp-json\/wp\/v2\/product_tag?post=9978"}],"curies":[{"name":"wp","href":"https:\/\/api.w.org\/{rel}","templated":true}]}}