{"id":9988,"date":"2025-02-03T19:13:10","date_gmt":"2025-02-03T19:13:10","guid":{"rendered":"https:\/\/fiorentinispa.com\/product\/ecosmall\/"},"modified":"2025-02-03T19:13:10","modified_gmt":"2025-02-03T19:13:10","slug":"ecosmall","status":"publish","type":"product","link":"https:\/\/fiorentinispa.com\/fr\/produit\/ecosmall\/","title":{"rendered":"ECOSMALL"},"content":{"rendered":"","protected":false},"excerpt":{"rendered":"<p>L&rsquo;Ecosmall de Ing. Fiorentini spa est une ligne d&rsquo;autolaveuses accompagn\u00e9es, con\u00e7ue \u00e9galement pour travailler dans des espaces relativement \u00e9troits mais avec une grande capacit\u00e9 de r\u00e9servoir, disponible en 3 versions : monobrosse, avec 2 brosses et la version \u00e0 rouleau, c&rsquo;est une machine tr\u00e8s efficace, robuste et fiable.<\/p>\n<p>rendement horaire : 3 250 m\u00b2\/h<br \/>\nautonomie machine : 3h30<br \/>\ncapacit\u00e9 r\u00e9servoir : 70 l<br \/>\nvitesse d&rsquo;avancement : 0-5 km\/h<\/p>\n<p><a class=\"fio-btn-minimal\" href=\"https:\/\/fiorentinispa.com\/wp-content\/uploads\/2026\/02\/ecosmall.pdf\" download=\"\"><br \/>\nT\u00c9L\u00c9CHARGER LA BROCHURE<br \/>\n<\/a><br \/>\n<br \/><iframe width=\"560\" height=\"315\" src=\"https:\/\/www.youtube.com\/embed\/h6bAbUKodoI?si=agfKrfrO6ZrUgCPv\" title=\"Lecteur vid\u00e9o YouTube\" frameborder=\"0\" allow=\"accelerometer; autoplay; clipboard-write; encrypted-media; gyroscope; picture-in-picture; web-share\" referrerpolicy=\"strict-origin-when-cross-origin\" allowfullscreen=\"\"><\/iframe><\/p>\n","protected":false},"featured_media":7339,"template":"","meta":[],"product_cat":[211],"product_tag":[],"class_list":{"0":"post-9988","1":"product","2":"type-product","3":"status-publish","4":"has-post-thumbnail","6":"product_cat-autolaveuse-a-conducteur-accompagnant","8":"first","9":"instock","10":"shipping-taxable","11":"product-type-simple"},"_links":{"self":[{"href":"https:\/\/fiorentinispa.com\/fr\/wp-json\/wp\/v2\/product\/9988","targetHints":{"allow":["GET"]}}],"collection":[{"href":"https:\/\/fiorentinispa.com\/fr\/wp-json\/wp\/v2\/product"}],"about":[{"href":"https:\/\/fiorentinispa.com\/fr\/wp-json\/wp\/v2\/types\/product"}],"wp:featuredmedia":[{"embeddable":true,"href":"https:\/\/fiorentinispa.com\/fr\/wp-json\/wp\/v2\/media\/7339"}],"wp:attachment":[{"href":"https:\/\/fiorentinispa.com\/fr\/wp-json\/wp\/v2\/media?parent=9988"}],"wp:term":[{"taxonomy":"product_cat","embeddable":true,"href":"https:\/\/fiorentinispa.com\/fr\/wp-json\/wp\/v2\/product_cat?post=9988"},{"taxonomy":"product_tag","embeddable":true,"href":"https:\/\/fiorentinispa.com\/fr\/wp-json\/wp\/v2\/product_tag?post=9988"}],"curies":[{"name":"wp","href":"https:\/\/api.w.org\/{rel}","templated":true}]}}